{"id":3797,"date":"2023-12-26T10:17:59","date_gmt":"2023-12-26T09:17:59","guid":{"rendered":"https:\/\/ccaa.ch\/stuzzichini\/"},"modified":"2024-03-15T10:29:37","modified_gmt":"2024-03-15T09:29:37","slug":"stuzzichini","status":"publish","type":"page","link":"https:\/\/ccaa.ch\/it\/stuzzichini\/","title":{"rendered":"Stuzzichini Bistrot"},"content":{"rendered":"\n\n\t<div \n\n\n class=\"block block--header flex flex--middle js-fade js-fade-in  none \" id=\"block_7768c314bb49d0454468c0aacbadaafd\" data-id=\"\">\n\n\n\n \t\n \t\t<picture>\n            <source \n                media=\"(min-width: 521px)\" \n                srcset=\"https:\/\/ccaa.ch\/wp-content\/uploads\/2024\/01\/stuzzichini-2400x1250.jpg 2400w,\n                \t\thttps:\/\/ccaa.ch\/wp-content\/uploads\/2024\/01\/stuzzichini-1920x1000.jpg 1920w,\n                        https:\/\/ccaa.ch\/wp-content\/uploads\/2024\/01\/stuzzichini-1600x833.jpg 1600w,\n                        https:\/\/ccaa.ch\/wp-content\/uploads\/2024\/01\/stuzzichini-1400x729.jpg 1400w,\n                        https:\/\/ccaa.ch\/wp-content\/uploads\/2024\/01\/stuzzichini-1200x625.jpg 1200w,\n                        https:\/\/ccaa.ch\/wp-content\/uploads\/2024\/01\/stuzzichini-1024x533.jpg 1024w,\n                        https:\/\/ccaa.ch\/wp-content\/uploads\/2024\/01\/stuzzichini-800x417.jpg 800w\"\n                sizes=\"100vw\">\n            <source \n                media=\"(max-width: 520px)\" \n                srcset=\"https:\/\/ccaa.ch\/wp-content\/uploads\/2024\/01\/stuzzichini-1200x625.jpg 1200w,\n                        https:\/\/ccaa.ch\/wp-content\/uploads\/2024\/01\/stuzzichini-1024x533.jpg 1024w,\n                        https:\/\/ccaa.ch\/wp-content\/uploads\/2024\/01\/stuzzichini-800x417.jpg 800w\"\n                sizes=\"100vw\">\n\n\t\t\t<img decoding=\"async\" src=\"https:\/\/ccaa.ch\/wp-content\/uploads\/2024\/01\/stuzzichini-1600x833.jpg\" \n\t\t\t\theight=\"1333\" width=\"2560\" \n\t\t\t\talt=\"\">\n\t\t<\/picture>\n\n \t\n\n \t<div class=\"overlay one-whole\">\n\t\t<div class=\"container js-fade js-fade-in\">\n\n\t\t\t<p class=\"tagline\">L&#8217;oasi culinaria di CCAA<\/p>\n\n\t\t\t<h1>\n\t\t\t\t<span class=\"hidden--xs\">Stuzzichini Bistrot<\/span>\n\t\t\t\t<span class=\"show--xs\">Stuzzichini Bistrot<\/span>\n\t\t\t<\/h1>\n\n\t\t\t<p class=\"gamma\"><\/p>\n\n\t\t<\/div>\n\t<\/div>\n\n\n\t<\/div> \n\n\n\n <div class=\"block block--text  none spacing--huge none\" id=\"block_3a81d1da20b00cf23456fd46b48cfcbe\" data-id=\"\">\n\n\n\t<div class=\"container container--small js-fade js-fade-up\">\n\n\t\t<p class=\"text--big\" style=\"text-align: center;\">Stuzzichini Bistrot e l&#8217;ampio giardino sono un rifugio nel bel mezzo del centro storico di Ascona. In mezzo alle vivaci vie del centro storico di Ascona e il bistrot serve un&#8217;autentica cucina locale.<\/p>\n\n\t\t\n\t<\/div>\n\n<\/div>\n\n <div class=\"block block--image-tiny-huge  none none none\" id=\"block_edf6dda6575dc14a7e88dd1bc6796407\" data-id=\"\">\n\n\n\t<div class=\"container container--full js-fade js-fade-up\">\n\n\t\t<div class=\"flex flexgrid--narrow flex--wrap\">\n\n\t\t\t<div class=\"flex__item w300\">\n\t\t\t\t\n\t\t\t\t\t\t\t\t\t<img loading=\"lazy\" decoding=\"async\" src=\"https:\/\/ccaa.ch\/wp-content\/uploads\/2024\/03\/2023.11-ccaa-opening-63-40x40.jpg\"\n\t\t\t\t\t\tdata-src=\"https:\/\/ccaa.ch\/wp-content\/uploads\/2024\/03\/2023.11-ccaa-opening-63-320x320.jpg\"\n\t\t\t\t\t\tdata-srcset=\"https:\/\/ccaa.ch\/wp-content\/uploads\/2024\/03\/2023.11-ccaa-opening-63.jpg 1024w,\n\t\t\t\t\t\t\t\t\thttps:\/\/ccaa.ch\/wp-content\/uploads\/2024\/03\/2023.11-ccaa-opening-63.jpg 800w,\n\t\t\t                \t\thttps:\/\/ccaa.ch\/wp-content\/uploads\/2024\/03\/2023.11-ccaa-opening-63.jpg 640w,\n\t\t\t                \t\thttps:\/\/ccaa.ch\/wp-content\/uploads\/2024\/03\/2023.11-ccaa-opening-63-480x480.jpg 480w,\n\t\t\t                \t\thttps:\/\/ccaa.ch\/wp-content\/uploads\/2024\/03\/2023.11-ccaa-opening-63-320x320.jpg 320w\"\n\t                    width=\"559\" height=\"559\"\n\t                    sizes=\"auto, (min-width:1021px) 300px, 48vw\" \n\t                    alt=\"\" class=\"js-load-later\" \/>\n\n\t\t\t\t\n\t\t\t<\/div>\n\n\t\t\t<div class=\"flex__item\">\n\t\t\t\t\n\t\t\t\t\t\t\t\t\t<div class=\"m\"><img loading=\"lazy\" decoding=\"async\" src=\"https:\/\/ccaa.ch\/wp-content\/uploads\/2024\/03\/stuzzi1_2er_links-1-40x22.jpg\"\n\t\t\t\t\t\tdata-src=\"https:\/\/ccaa.ch\/wp-content\/uploads\/2024\/03\/stuzzi1_2er_links-1-1024x564.jpg\"\n\t\t\t\t\t\tdata-srcset=\"https:\/\/ccaa.ch\/wp-content\/uploads\/2024\/03\/stuzzi1_2er_links-1.jpg 2400w,\n\t\t\t\t\t\t\t\t\thttps:\/\/ccaa.ch\/wp-content\/uploads\/2024\/03\/stuzzi1_2er_links-1-1920x1057.jpg 1920w,\n\t\t\t\t\t\t\t\t\thttps:\/\/ccaa.ch\/wp-content\/uploads\/2024\/03\/stuzzi1_2er_links-1-1600x881.jpg 1600w,\n\t\t\t\t\t\t\t\t\thttps:\/\/ccaa.ch\/wp-content\/uploads\/2024\/03\/stuzzi1_2er_links-1-1400x771.jpg 1400w,\n\t\t\t\t\t\t\t\t\thttps:\/\/ccaa.ch\/wp-content\/uploads\/2024\/03\/stuzzi1_2er_links-1-1200x661.jpg 1200w,\n\t\t\t                \t\thttps:\/\/ccaa.ch\/wp-content\/uploads\/2024\/03\/stuzzi1_2er_links-1-1024x564.jpg 1024w,\n\t\t\t                \t\thttps:\/\/ccaa.ch\/wp-content\/uploads\/2024\/03\/stuzzi1_2er_links-1-800x440.jpg 800w,\n\t\t\t                \t\thttps:\/\/ccaa.ch\/wp-content\/uploads\/2024\/03\/stuzzi1_2er_links-1-640x352.jpg 640w\"\n\t                    width=\"2180\" height=\"1200\"\n\t                    sizes=\"auto, (min-width:1021px) 80vw, 96vw\" \n\t                    alt=\"\" class=\"js-load-later\" \/>\n\t                <\/div>\n\n\t\t\t\t\n\t\t\t<\/div>\n\n\t\t<\/div>\n\t\t\n\t<\/div>\n\n<\/div>\n\n <div class=\"block block--image-text-teaser  margin-bottom--giant none none\" id=\"block_2c521d2321a43789c862653aa0044722\" data-id=\"\">\n\n\n\t<div class=\"container\">\n\n\n\t\t\n\t\t<div class=\"js-fade js-fade-up\">\n\n\t\t\t<div class=\"\"> La filosofia dello Stuzzichini \u00e8 quella di offrire prodotti locali di alta qualit\u00e0 e di sostenere i produttori ticinesi. Il Bistrot si impegna a sviluppare un concetto volto alla sostenibilit\u00e0 ambientale, una scelta che si riflette anche nell&#8217;identit\u00e0 del ristorante, in quanto tutti i prodotti sono selezionati con cura.\u00a0L&#8217;idea principale \u00e8 la condivisione, in quanto tutti i piatti sono pensati per essere gustati in compagnia. Da Stuzzichini non solo pu\u00f2 mangiare e bere bene, ma anche godere di attivit\u00e0 come eventi gastronomici, corsi di cucina, musica dal vivo e cinema all&#8217;aperto. <\/div>\n\n\n\t\t\t\n\t\t<\/div>\n\n\t<\/div>\n\n<\/div>\n\n <div class=\"block block--image-vert-text  margin-bottom--giant none none\" id=\"block_88b29881e195045bf97ed5c3d78d7741\" data-id=\"\">\n\n\n\t<div class=\"container\">\n\n\t\t<div class=\"js-fade js-fade-up line\">\n\t\t\t<h3 class=\"\">Restaurateurs<\/h3>\t\t\t\n\t\t<\/div>\n\n\t\t<div class=\"flex flexgrid--narrow flex--wrap\">\n\n\t\t\t<div class=\"flex__item two-fifths sm-one-whole js-fade js-fade-up sm-margin-bottom\">\n\n\t\t\t\t\t\t\t\t\t<img loading=\"lazy\" decoding=\"async\" src=\"https:\/\/ccaa.ch\/wp-content\/uploads\/2024\/01\/Restaurateurs-40x54.jpg\"\n\t\t\t\t\t\tdata-src=\"https:\/\/ccaa.ch\/wp-content\/uploads\/2024\/01\/Restaurateurs-480x651.jpg\"\n\t\t\t\t\t\tdata-srcset=\"https:\/\/ccaa.ch\/wp-content\/uploads\/2024\/01\/Restaurateurs.jpg 1024w,\n\t\t\t\t\t\t\t\t\thttps:\/\/ccaa.ch\/wp-content\/uploads\/2024\/01\/Restaurateurs.jpg 800w,\n\t\t\t                \t\thttps:\/\/ccaa.ch\/wp-content\/uploads\/2024\/01\/Restaurateurs-640x868.jpg 640w,\n\t\t\t                \t\thttps:\/\/ccaa.ch\/wp-content\/uploads\/2024\/01\/Restaurateurs-480x651.jpg 480w\"\n\t                    width=\"696\" height=\"944\"\n\t                    sizes=\"auto, (min-width:641px) 350px, 95vw\" \n\t                    alt=\"\" class=\"js-load-later\" \/>\n\n\t\t\t\t\n\t\t\t<\/div>\n\n\t\t\t<div class=\"flex__item three-fifths sm-one-whole\">\n\n\t\t\t\t<div class=\"js-fade js-fade-up\">\n\n\t\t\t\t\t<h2>John Fois e Juliana da Silva, una giovane coppia svizzero-portoghese, gestiscono il Bistrot Stuzzichini con grande passione dal 2023.<\/h2>\n<h2>Portano con s\u00e9 un bagaglio di esperienza derivante dal loro lavoro in ristoranti rinomati in Ticino e a livello internazionale e hanno deciso di unirsi al CCAA per dare una nuova direzione alla cucina locale di Ascona.<\/h2>\n<h2><\/h2>\n<h2>Prenotazioni e richieste:<\/h2>\n<h2>Telefono: +41 79 349 67 87<br \/>\nE-mail: info@stuzzichini.ch<\/h2>\n\n\t\t\t\t<\/div>\n\n\t\t\t<\/div>\n\n\t\t<\/div>\n\n\t<\/div>\n\n<\/div>\n\n<div class=\"block block--simple-events  margin-bottom--huge none none\" id=\"block_c1a6feb40de20b018f360e51c67b4038\" data-id=\"\">\n\n\n\t<div class=\"container\">\n\n\t\t<div class=\"js-fade js-fade-up line\">\n\t\t\t<h3 class=\"\">Prossimi eventi<\/h3>\t\t\t\n\t\t<\/div>\n\n\t\t<div>\n\n\t\t\t\t\t\t\t\n\t\t\t\t\t<div class=\"event js-fade js-fade-up v\">\n\n\t\t\t\t\t\t<div class=\"flex flexgrid--narrow flex--wrap\">\n\n\t\t\t\t\t\t\t<div class=\"flex__item three-fifths md-one-whole flex flexgrid--narrow\">\n\t\t\t\t\t\t\t\t<div class=\"flex__item one-half\">\n\t\t\t\t\t\t\t\t\t<h2>Brunch Di Pasqua<\/h2>\n\t\t\t\t\t\t\t\t<\/div>\n\t\t\t\t\t\t\t\t<div class=\"flex__item one-half\">\n\t\t\t\t\t\t\t\t\t<time>31.03.2024 | 10:30<\/time>\n\t\t\t\t\t\t\t\t<\/div>\n\t\t\t\t\t\t\t<\/div>\n\t\t\t\t\t\t\t<div class=\"flex__item two-fifths md-one-whole sm-one-whole\">\n\t\t\t\t\t\t\t\t<p><span style=\"font-weight: 400;\">Iniziamo la nostra serie di brunch con un brunch molto speciale: il giorno di Pasqua! Un menu speciale accompagnato da musica dal vivo nel nostro bellissimo cortile.<\/span><\/p>\n\t\t\t\t\t\t\t<\/div>\n\n\t\t\t\t\t\t<\/div>\n\n\t\t\t\t\t<\/div>\n\n\t\t\t\t\n\t\t\t\t\t<div class=\"event js-fade js-fade-up v\">\n\n\t\t\t\t\t\t<div class=\"flex flexgrid--narrow flex--wrap\">\n\n\t\t\t\t\t\t\t<div class=\"flex__item three-fifths md-one-whole flex flexgrid--narrow\">\n\t\t\t\t\t\t\t\t<div class=\"flex__item one-half\">\n\t\t\t\t\t\t\t\t\t<h2>Viaggio Enogastronomico<br \/>\r\n\u00abDal Nebbiolo Al Barolo\u00bb<\/h2>\n\t\t\t\t\t\t\t\t<\/div>\n\t\t\t\t\t\t\t\t<div class=\"flex__item one-half\">\n\t\t\t\t\t\t\t\t\t<time>10.04.2024 | 19:00<\/time>\n\t\t\t\t\t\t\t\t<\/div>\n\t\t\t\t\t\t\t<\/div>\n\t\t\t\t\t\t\t<div class=\"flex__item two-fifths md-one-whole sm-one-whole\">\n\t\t\t\t\t\t\t\t<div class=\"\">Continua il nostro appuntamento ormai fisso con Philippe. In questa serata, saranno degustate 5 etichette di vini naturali, con una presentazione guidata e un pasto abbinato dal nostro chef. Organizzato dall&#8217;ambasciatore di Slow Wine Philippe K\u00e4mpf.<\/div>\n\t\t\t\t\t\t\t<\/div>\n\n\t\t\t\t\t\t<\/div>\n\n\t\t\t\t\t<\/div>\n\n\t\t\t\t\n\t\t\t\t\t<div class=\"event js-fade js-fade-up v\">\n\n\t\t\t\t\t\t<div class=\"flex flexgrid--narrow flex--wrap\">\n\n\t\t\t\t\t\t\t<div class=\"flex__item three-fifths md-one-whole flex flexgrid--narrow\">\n\t\t\t\t\t\t\t\t<div class=\"flex__item one-half\">\n\t\t\t\t\t\t\t\t\t<h2>Jazz Night<\/h2>\n\t\t\t\t\t\t\t\t<\/div>\n\t\t\t\t\t\t\t\t<div class=\"flex__item one-half\">\n\t\t\t\t\t\t\t\t\t<time>10.05.2024 | 18:00<\/time>\n\t\t\t\t\t\t\t\t<\/div>\n\t\t\t\t\t\t\t<\/div>\n\t\t\t\t\t\t\t<div class=\"flex__item two-fifths md-one-whole sm-one-whole\">\n\t\t\t\t\t\t\t\t<p>La prima serata dedicata alla musica dal vivo nel Borgo di Ascona. Noi che siamo nel cuore dell&#8217;azione, non perdiamo l&#8217;occasione di ascoltare musica jazz, buon cibo e buon vino.<\/p>\n\t\t\t\t\t\t\t<\/div>\n\n\t\t\t\t\t\t<\/div>\n\n\t\t\t\t\t<\/div>\n\n\t\t\t\t\t\t\t\n\t\t<\/div>\n\n\t\t\n\n\n\t<\/div>\n\n<\/div>\n\n <div class=\"block block--links  margin-bottom\" id=\"block_96d10abdd68bfd9bdc6b5e2a623801c0\" data-id=\"\">\n\n\n\t<div class=\"container container--full js-fade js-fade-up\">\n\n\t\t<div class=\"flex flex--wrap\">\n\n\t\t\t<div class=\"flex__item one-half\">\n\n\t\t\t\t\n\t\t\t\t\t<a href=\"https:\/\/ccaa.ch\/it\/about\/\" target=\"_self\">\n\t\t\t\t\t\t\n\t\t\t\t\t\t<svg width=\"11\" height=\"8\" viewBox=\"0 0 11 8\" xmlns=\"http:\/\/www.w3.org\/2000\/svg\"><path d=\"M0.646447 3.64645C0.451184 3.84171 0.451184 4.15829 0.646447 4.35355L3.82843 7.53553C4.02369 7.7308 4.34027 7.7308 4.53553 7.53553C4.7308 7.34027 4.7308 7.02369 4.53553 6.82843L1.70711 4L4.53553 1.17157C4.7308 0.97631 4.7308 0.659728 4.53553 0.464466C4.34027 0.269204 4.02369 0.269204 3.82843 0.464466L0.646447 3.64645ZM1 4.5L11 4.5L11 3.5L1 3.5L1 4.5Z\" fill=\"#0C0600\"\/><\/svg>\n\n\t\t\t\t\t\tNostra Storia\t\t\t\t\t<\/a>\n\n\t\t\t\t\n\t\t\t<\/div>\n\n\t\t\t<div class=\"flex__item one-half text--right\">\n\n\t\t\t\t\n\t\t\t\t\t<a href=\"https:\/\/ccaa.ch\/it\/camere-ospiti\/\" target=\"_self\">\n\n\t\t\t\t\t\tCamere Ospiti\n\t\t\t\t\t\t<svg width=\"11\" height=\"8\" viewBox=\"0 0 11 8\" xmlns=\"http:\/\/www.w3.org\/2000\/svg\"><path d=\"M10.3536 4.35355C10.5488 4.15829 10.5488 3.84171 10.3536 3.64645L7.17157 0.464465C6.97631 0.269203 6.65973 0.269203 6.46447 0.464466C6.2692 0.659728 6.2692 0.97631 6.46447 1.17157L9.29289 4L6.46447 6.82843C6.2692 7.02369 6.2692 7.34027 6.46447 7.53553C6.65973 7.7308 6.97631 7.7308 7.17157 7.53553L10.3536 4.35355ZM4.37114e-08 4.5L10 4.5L10 3.5L-4.37114e-08 3.5L4.37114e-08 4.5Z\" fill=\"#0C0600\"\/><\/svg>\n\t\t\t\t\t<\/a>\n\n\t\t\t\t\n\t\t\t<\/div>\n\n\t\t<\/div>\n\n\t<\/div>\n\n<\/div>","protected":false},"excerpt":{"rendered":"","protected":false},"author":4,"featured_media":0,"parent":0,"menu_order":6,"comment_status":"closed","ping_status":"closed","template":"page-light.php","meta":{"_acf_changed":false,"inline_featured_image":false,"footnotes":""},"class_list":["post-3797","page","type-page","status-publish","hentry"],"acf":[],"yoast_head":"<!-- This site is optimized with the Yoast SEO plugin v27.3 - https:\/\/yoast.com\/product\/yoast-seo-wordpress\/ -->\n<title>Stuzzichini Bistrot - CCAA - Centro di Cultura e d&#039;Arte Ascona<\/title>\n<meta name=\"robots\" content=\"index, follow, max-snippet:-1, max-image-preview:large, max-video-preview:-1\" \/>\n<link rel=\"canonical\" href=\"https:\/\/ccaa.ch\/it\/stuzzichini\/\" \/>\n<meta property=\"og:locale\" content=\"it_IT\" \/>\n<meta property=\"og:type\" content=\"article\" \/>\n<meta property=\"og:title\" content=\"Stuzzichini Bistrot - CCAA - Centro di Cultura e d&#039;Arte Ascona\" \/>\n<meta property=\"og:url\" content=\"https:\/\/ccaa.ch\/it\/stuzzichini\/\" \/>\n<meta property=\"og:site_name\" content=\"CCAA - Centro di Cultura e d&#039;Arte Ascona\" \/>\n<meta property=\"article:modified_time\" content=\"2024-03-15T09:29:37+00:00\" \/>\n<meta name=\"twitter:card\" content=\"summary_large_image\" \/>\n<meta name=\"twitter:label1\" content=\"Tempo di lettura stimato\" \/>\n\t<meta name=\"twitter:data1\" content=\"2 minuti\" \/>\n<script type=\"application\/ld+json\" class=\"yoast-schema-graph\">{\"@context\":\"https:\\\/\\\/schema.org\",\"@graph\":[{\"@type\":\"WebPage\",\"@id\":\"https:\\\/\\\/ccaa.ch\\\/it\\\/stuzzichini\\\/\",\"url\":\"https:\\\/\\\/ccaa.ch\\\/it\\\/stuzzichini\\\/\",\"name\":\"Stuzzichini Bistrot - CCAA - Centro di Cultura e d'Arte Ascona\",\"isPartOf\":{\"@id\":\"https:\\\/\\\/ccaa.ch\\\/#website\"},\"datePublished\":\"2023-12-26T09:17:59+00:00\",\"dateModified\":\"2024-03-15T09:29:37+00:00\",\"breadcrumb\":{\"@id\":\"https:\\\/\\\/ccaa.ch\\\/it\\\/stuzzichini\\\/#breadcrumb\"},\"inLanguage\":\"it-IT\",\"potentialAction\":[{\"@type\":\"ReadAction\",\"target\":[\"https:\\\/\\\/ccaa.ch\\\/it\\\/stuzzichini\\\/\"]}]},{\"@type\":\"BreadcrumbList\",\"@id\":\"https:\\\/\\\/ccaa.ch\\\/it\\\/stuzzichini\\\/#breadcrumb\",\"itemListElement\":[{\"@type\":\"ListItem\",\"position\":1,\"name\":\"Home\",\"item\":\"https:\\\/\\\/ccaa.ch\\\/it\\\/\"},{\"@type\":\"ListItem\",\"position\":2,\"name\":\"Stuzzichini Bistrot\"}]},{\"@type\":\"WebSite\",\"@id\":\"https:\\\/\\\/ccaa.ch\\\/#website\",\"url\":\"https:\\\/\\\/ccaa.ch\\\/\",\"name\":\"CCAA - Centro di Cultura e d'Arte Ascona\",\"description\":\"\",\"publisher\":{\"@id\":\"https:\\\/\\\/ccaa.ch\\\/#organization\"},\"potentialAction\":[{\"@type\":\"SearchAction\",\"target\":{\"@type\":\"EntryPoint\",\"urlTemplate\":\"https:\\\/\\\/ccaa.ch\\\/?s={search_term_string}\"},\"query-input\":{\"@type\":\"PropertyValueSpecification\",\"valueRequired\":true,\"valueName\":\"search_term_string\"}}],\"inLanguage\":\"it-IT\"},{\"@type\":\"Organization\",\"@id\":\"https:\\\/\\\/ccaa.ch\\\/#organization\",\"name\":\"CCAA - Centro di Cultura e d'Arte Ascona\",\"url\":\"https:\\\/\\\/ccaa.ch\\\/\",\"logo\":{\"@type\":\"ImageObject\",\"inLanguage\":\"it-IT\",\"@id\":\"https:\\\/\\\/ccaa.ch\\\/#\\\/schema\\\/logo\\\/image\\\/\",\"url\":\"https:\\\/\\\/ccaa.ch\\\/wp-content\\\/uploads\\\/2023\\\/08\\\/CCAA_Logo_Kombi_black.svg\",\"contentUrl\":\"https:\\\/\\\/ccaa.ch\\\/wp-content\\\/uploads\\\/2023\\\/08\\\/CCAA_Logo_Kombi_black.svg\",\"caption\":\"CCAA - Centro di Cultura e d'Arte Ascona\"},\"image\":{\"@id\":\"https:\\\/\\\/ccaa.ch\\\/#\\\/schema\\\/logo\\\/image\\\/\"}}]}<\/script>\n<!-- \/ Yoast SEO plugin. -->","yoast_head_json":{"title":"Stuzzichini Bistrot - CCAA - Centro di Cultura e d'Arte Ascona","robots":{"index":"index","follow":"follow","max-snippet":"max-snippet:-1","max-image-preview":"max-image-preview:large","max-video-preview":"max-video-preview:-1"},"canonical":"https:\/\/ccaa.ch\/it\/stuzzichini\/","og_locale":"it_IT","og_type":"article","og_title":"Stuzzichini Bistrot - CCAA - Centro di Cultura e d'Arte Ascona","og_url":"https:\/\/ccaa.ch\/it\/stuzzichini\/","og_site_name":"CCAA - Centro di Cultura e d'Arte Ascona","article_modified_time":"2024-03-15T09:29:37+00:00","twitter_card":"summary_large_image","twitter_misc":{"Tempo di lettura stimato":"2 minuti"},"schema":{"@context":"https:\/\/schema.org","@graph":[{"@type":"WebPage","@id":"https:\/\/ccaa.ch\/it\/stuzzichini\/","url":"https:\/\/ccaa.ch\/it\/stuzzichini\/","name":"Stuzzichini Bistrot - CCAA - Centro di Cultura e d'Arte Ascona","isPartOf":{"@id":"https:\/\/ccaa.ch\/#website"},"datePublished":"2023-12-26T09:17:59+00:00","dateModified":"2024-03-15T09:29:37+00:00","breadcrumb":{"@id":"https:\/\/ccaa.ch\/it\/stuzzichini\/#breadcrumb"},"inLanguage":"it-IT","potentialAction":[{"@type":"ReadAction","target":["https:\/\/ccaa.ch\/it\/stuzzichini\/"]}]},{"@type":"BreadcrumbList","@id":"https:\/\/ccaa.ch\/it\/stuzzichini\/#breadcrumb","itemListElement":[{"@type":"ListItem","position":1,"name":"Home","item":"https:\/\/ccaa.ch\/it\/"},{"@type":"ListItem","position":2,"name":"Stuzzichini Bistrot"}]},{"@type":"WebSite","@id":"https:\/\/ccaa.ch\/#website","url":"https:\/\/ccaa.ch\/","name":"CCAA - Centro di Cultura e d'Arte Ascona","description":"","publisher":{"@id":"https:\/\/ccaa.ch\/#organization"},"potentialAction":[{"@type":"SearchAction","target":{"@type":"EntryPoint","urlTemplate":"https:\/\/ccaa.ch\/?s={search_term_string}"},"query-input":{"@type":"PropertyValueSpecification","valueRequired":true,"valueName":"search_term_string"}}],"inLanguage":"it-IT"},{"@type":"Organization","@id":"https:\/\/ccaa.ch\/#organization","name":"CCAA - Centro di Cultura e d'Arte Ascona","url":"https:\/\/ccaa.ch\/","logo":{"@type":"ImageObject","inLanguage":"it-IT","@id":"https:\/\/ccaa.ch\/#\/schema\/logo\/image\/","url":"https:\/\/ccaa.ch\/wp-content\/uploads\/2023\/08\/CCAA_Logo_Kombi_black.svg","contentUrl":"https:\/\/ccaa.ch\/wp-content\/uploads\/2023\/08\/CCAA_Logo_Kombi_black.svg","caption":"CCAA - Centro di Cultura e d'Arte Ascona"},"image":{"@id":"https:\/\/ccaa.ch\/#\/schema\/logo\/image\/"}}]}},"_links":{"self":[{"href":"https:\/\/ccaa.ch\/it\/wp-json\/wp\/v2\/pages\/3797","targetHints":{"allow":["GET"]}}],"collection":[{"href":"https:\/\/ccaa.ch\/it\/wp-json\/wp\/v2\/pages"}],"about":[{"href":"https:\/\/ccaa.ch\/it\/wp-json\/wp\/v2\/types\/page"}],"author":[{"embeddable":true,"href":"https:\/\/ccaa.ch\/it\/wp-json\/wp\/v2\/users\/4"}],"replies":[{"embeddable":true,"href":"https:\/\/ccaa.ch\/it\/wp-json\/wp\/v2\/comments?post=3797"}],"version-history":[{"count":0,"href":"https:\/\/ccaa.ch\/it\/wp-json\/wp\/v2\/pages\/3797\/revisions"}],"wp:attachment":[{"href":"https:\/\/ccaa.ch\/it\/wp-json\/wp\/v2\/media?parent=3797"}],"curies":[{"name":"wp","href":"https:\/\/api.w.org\/{rel}","templated":true}]}}