{"id":3845,"date":"2023-12-29T06:43:27","date_gmt":"2023-12-29T05:43:27","guid":{"rendered":"https:\/\/ccaa.ch\/partnerships\/"},"modified":"2025-05-01T14:27:36","modified_gmt":"2025-05-01T12:27:36","slug":"partnerships","status":"publish","type":"page","link":"https:\/\/ccaa.ch\/it\/partnerships\/","title":{"rendered":"Partenariati"},"content":{"rendered":" <div class=\"block block--intro  none spacing--huge none\" id=\"block_15282231c841e3d5a66275cf2c1461b1\" data-id=\"\">\n\n\n\t<div class=\"container container--full js-fade js-fade-up\">\n\n\t\t<div class=\"flex flexgrid--narrow flex--wrap\">\n\n\t\t\t<div class=\"flex__item w300\">\n\t\t\t\t<h3>Partenariati<\/h3>\n\t\t\t<\/div>\n\n\t\t\t<div class=\"flex__item\">\n\t\t\t\t<div class=\"max\">\n\t\t\t\t\t<h2>Abbracci il potere dell&#8217;arricchimento culturale allineando il suo marchio al nostro vivace Centro. La sua sponsorizzazione non solo contribuir\u00e0 alle arti, ma valorizzer\u00e0 anche la sua immagine aziendale. Si unisca a noi nel promuovere la creativit\u00e0, l&#8217;istruzione e l&#8217;impegno della comunit\u00e0. Potr\u00e0 godere di una visibilit\u00e0 di primo piano, di esclusive opportunit\u00e0 di networking e della soddisfazione di sostenere un polo culturale. Costruiamo una partnership significativa che trascende gli affari. Ci contatti oggi stesso per esplorare le interessanti possibilit\u00e0 di diventare uno sponsor orgoglioso e lasciare un&#8217;eredit\u00e0 duratura nel cuore della nostra comunit\u00e0.<\/h2>\n\t\t\t\t<\/div>\n\t\t\t<\/div>\n\n\t\t<\/div>\n\t\t\n\t<\/div>\n\n<\/div>\n\n <div class=\"block block--image-tiny-huge  margin-bottom--giant none none\" id=\"block_5e9d484703452733482854520386a1ab\" data-id=\"\">\n\n\n\t<div class=\"container container--full js-fade js-fade-up\">\n\n\t\t<div class=\"flex flexgrid--narrow flex--wrap\">\n\n\t\t\t<div class=\"flex__item w300\">\n\t\t\t\t\n\t\t\t\t\t\t\t\t\t<img loading=\"lazy\" decoding=\"async\" src=\"https:\/\/ccaa.ch\/wp-content\/uploads\/2024\/03\/sponsorship2_2er_rechts-40x40.jpg\"\n\t\t\t\t\t\tdata-src=\"https:\/\/ccaa.ch\/wp-content\/uploads\/2024\/03\/sponsorship2_2er_rechts.jpg\"\n\t\t\t\t\t\tdata-srcset=\"https:\/\/ccaa.ch\/wp-content\/uploads\/2024\/03\/sponsorship2_2er_rechts.jpg 1024w,\n\t\t\t\t\t\t\t\t\thttps:\/\/ccaa.ch\/wp-content\/uploads\/2024\/03\/sponsorship2_2er_rechts.jpg 800w,\n\t\t\t                \t\thttps:\/\/ccaa.ch\/wp-content\/uploads\/2024\/03\/sponsorship2_2er_rechts.jpg 640w,\n\t\t\t                \t\thttps:\/\/ccaa.ch\/wp-content\/uploads\/2024\/03\/sponsorship2_2er_rechts.jpg 480w,\n\t\t\t                \t\thttps:\/\/ccaa.ch\/wp-content\/uploads\/2024\/03\/sponsorship2_2er_rechts.jpg 320w\"\n\t                    width=\"300\" height=\"300\"\n\t                    sizes=\"auto, (min-width:1021px) 300px, 48vw\" \n\t                    alt=\"\" class=\"js-load-later\" \/>\n\n\t\t\t\t\n\t\t\t<\/div>\n\n\t\t\t<div class=\"flex__item\">\n\t\t\t\t\n\t\t\t\t\t\t\t\t\t<div class=\"m\"><img loading=\"lazy\" decoding=\"async\" src=\"https:\/\/ccaa.ch\/wp-content\/uploads\/2024\/03\/sponsorship1_2er_links-40x22.jpg\"\n\t\t\t\t\t\tdata-src=\"https:\/\/ccaa.ch\/wp-content\/uploads\/2024\/03\/sponsorship1_2er_links-1024x564.jpg\"\n\t\t\t\t\t\tdata-srcset=\"https:\/\/ccaa.ch\/wp-content\/uploads\/2024\/03\/sponsorship1_2er_links.jpg 2400w,\n\t\t\t\t\t\t\t\t\thttps:\/\/ccaa.ch\/wp-content\/uploads\/2024\/03\/sponsorship1_2er_links-1920x1057.jpg 1920w,\n\t\t\t\t\t\t\t\t\thttps:\/\/ccaa.ch\/wp-content\/uploads\/2024\/03\/sponsorship1_2er_links-1600x881.jpg 1600w,\n\t\t\t\t\t\t\t\t\thttps:\/\/ccaa.ch\/wp-content\/uploads\/2024\/03\/sponsorship1_2er_links-1400x771.jpg 1400w,\n\t\t\t\t\t\t\t\t\thttps:\/\/ccaa.ch\/wp-content\/uploads\/2024\/03\/sponsorship1_2er_links-1200x661.jpg 1200w,\n\t\t\t                \t\thttps:\/\/ccaa.ch\/wp-content\/uploads\/2024\/03\/sponsorship1_2er_links-1024x564.jpg 1024w,\n\t\t\t                \t\thttps:\/\/ccaa.ch\/wp-content\/uploads\/2024\/03\/sponsorship1_2er_links-800x440.jpg 800w,\n\t\t\t                \t\thttps:\/\/ccaa.ch\/wp-content\/uploads\/2024\/03\/sponsorship1_2er_links-640x352.jpg 640w\"\n\t                    width=\"2180\" height=\"1200\"\n\t                    sizes=\"auto, (min-width:1021px) 80vw, 96vw\" \n\t                    alt=\"\" class=\"js-load-later\" \/>\n\t                <\/div>\n\n\t\t\t\t\n\t\t\t<\/div>\n\n\t\t<\/div>\n\t\t\n\t<\/div>\n\n<\/div>\n\n <div class=\"block block--sponsors  margin-bottom--giant none none\" id=\"block_063fe0f18adfdddd437d70e1319aef0e\" data-id=\"\">\n\n\n\t<div class=\"container\">\n\n\t\t\t\t\t\n\t\t\t\t<div class=\" js-fade js-fade-up\">\n\n\t\t\t\t\t<div class=\"show--md\">\n\t\t\t\t\t\t<span class=\"type\">Partenariato principale<\/span>\n\t\t\t\t\t<\/div>\n\n\t\t\t\t\t<div class=\"flex flexgrid--narrow flex--wrap\">\n\n\t\t\t\t\t\t<div class=\"flex__item flex__image\">\n\t\t\t\t\t\t\t\n\t\t\t\t\t\t\t\n\t\t\t\t\t\t<\/div>\n\n\t\t\t\t\t\t<div class=\"flex__item flex__title hidden--md\">\n\t\t\t\t\t\t\t<div class=\"max\">\n\t\t\t\t\t\t\t\t<span>Partenariato principale<\/span>\n\t\t\t\t\t\t\t\t<h2>CSG<\/h2>\n\t\t\t\t\t\t\t<\/div>\n\t\t\t\t\t\t<\/div>\n\n\t\t\t\t\t\t<div class=\"flex__item flex__text\">\n\n\t\t\t\t\t\t\t<div class=\"show--md\">\n\t\t\t\t\t\t\t\t<h2>CSG<\/h2>\n\t\t\t\t\t\t\t<\/div>\n\t\t\t\t\t\t\t<p>Il Gruppo Christoph Schoop \u00e8 il tuo partner esperto per lo sviluppo, la vendita e la gestione immobiliare. Competente, sostenibile e orientato al cliente.  <a href=\"https:\/\/www.csgruppe.ch\">Website,<\/a><\/p>\n\t\t\t\t\t\t<\/div>\n\n\t\t\t\t\t<\/div>\n\n\t\t\t\t<\/div>\n\n\t\t\t\n\t\t\t\t<div class=\" js-fade js-fade-up\">\n\n\t\t\t\t\t<div class=\"show--md\">\n\t\t\t\t\t\t<span class=\"type\">Partenariato<\/span>\n\t\t\t\t\t<\/div>\n\n\t\t\t\t\t<div class=\"flex flexgrid--narrow flex--wrap\">\n\n\t\t\t\t\t\t<div class=\"flex__item flex__image\">\n\t\t\t\t\t\t\t\n\t\t\t\t\t\t\t\n\t\t\t\t\t\t<\/div>\n\n\t\t\t\t\t\t<div class=\"flex__item flex__title hidden--md\">\n\t\t\t\t\t\t\t<div class=\"max\">\n\t\t\t\t\t\t\t\t<span>Partenariato<\/span>\n\t\t\t\t\t\t\t\t<h2>Tinoph AG<\/h2>\n\t\t\t\t\t\t\t<\/div>\n\t\t\t\t\t\t<\/div>\n\n\t\t\t\t\t\t<div class=\"flex__item flex__text\">\n\n\t\t\t\t\t\t\t<div class=\"show--md\">\n\t\t\t\t\t\t\t\t<h2>Tinoph AG<\/h2>\n\t\t\t\t\t\t\t<\/div>\n\t\t\t\t\t\t\t<p>Le competenze principali di Tinoph AG sono il trading e la holding, nonch\u00e9 lo sviluppo e la realizzazione di progetti immobiliari nel settore residenziale e abitativo, per edifici industriali e commerciali, hotel, parcheggi multipiano e impianti industriali. Il focus geografico del nostro lavoro \u00e8 la regione di Baden, la Svizzera centrale e il Ticino.<\/p>\n\t\t\t\t\t\t<\/div>\n\n\t\t\t\t\t<\/div>\n\n\t\t\t\t<\/div>\n\n\t\t\t\n\t\t\t\t<div class=\" js-fade js-fade-up\">\n\n\t\t\t\t\t<div class=\"show--md\">\n\t\t\t\t\t\t<span class=\"type\">Partenariato<\/span>\n\t\t\t\t\t<\/div>\n\n\t\t\t\t\t<div class=\"flex flexgrid--narrow flex--wrap\">\n\n\t\t\t\t\t\t<div class=\"flex__item flex__image\">\n\t\t\t\t\t\t\t\n\t\t\t\t\t\t\t\n\t\t\t\t\t\t<\/div>\n\n\t\t\t\t\t\t<div class=\"flex__item flex__title hidden--md\">\n\t\t\t\t\t\t\t<div class=\"max\">\n\t\t\t\t\t\t\t\t<span>Partenariato<\/span>\n\t\t\t\t\t\t\t\t<h2>Grotto al Pentolino<\/h2>\n\t\t\t\t\t\t\t<\/div>\n\t\t\t\t\t\t<\/div>\n\n\t\t\t\t\t\t<div class=\"flex__item flex__text\">\n\n\t\t\t\t\t\t\t<div class=\"show--md\">\n\t\t\t\t\t\t\t\t<h2>Grotto al Pentolino<\/h2>\n\t\t\t\t\t\t\t<\/div>\n\t\t\t\t\t\t\t<p>L&#8217;incantevole Grotto al Pentolino, con la sua ampia terrazza solarium, si trova nel pittoresco villaggio di montagna di Verdasio, circondato da boschi e percorsi escursionistici, e offre una cucina locale. <a href=\"https:\/\/www.pentolino.ch\">Website,<\/a> <a href=\"https:\/\/berghotel-mettmen.ch\/webcam\">Webcam<\/a><\/p>\n\t\t\t\t\t\t<\/div>\n\n\t\t\t\t\t<\/div>\n\n\t\t\t\t<\/div>\n\n\t\t\t\n\t\t\t\t<div class=\" js-fade js-fade-up\">\n\n\t\t\t\t\t<div class=\"show--md\">\n\t\t\t\t\t\t<span class=\"type\">Partenariato<\/span>\n\t\t\t\t\t<\/div>\n\n\t\t\t\t\t<div class=\"flex flexgrid--narrow flex--wrap\">\n\n\t\t\t\t\t\t<div class=\"flex__item flex__image\">\n\t\t\t\t\t\t\t\n\t\t\t\t\t\t\t\n\t\t\t\t\t\t<\/div>\n\n\t\t\t\t\t\t<div class=\"flex__item flex__title hidden--md\">\n\t\t\t\t\t\t\t<div class=\"max\">\n\t\t\t\t\t\t\t\t<span>Partenariato<\/span>\n\t\t\t\t\t\t\t\t<h2>Schen Living<\/h2>\n\t\t\t\t\t\t\t<\/div>\n\t\t\t\t\t\t<\/div>\n\n\t\t\t\t\t\t<div class=\"flex__item flex__text\">\n\n\t\t\t\t\t\t\t<div class=\"show--md\">\n\t\t\t\t\t\t\t\t<h2>Schen Living<\/h2>\n\t\t\t\t\t\t\t<\/div>\n\t\t\t\t\t\t\t<p>Schen Living offre un ampio portafoglio di servizi, come coaching personale e aziendale, eventi di decelerazione e meditazioni.<\/p>\n\t\t\t\t\t\t<\/div>\n\n\t\t\t\t\t<\/div>\n\n\t\t\t\t<\/div>\n\n\t\t\t\n\t\t\t\t<div class=\" js-fade js-fade-up\">\n\n\t\t\t\t\t<div class=\"show--md\">\n\t\t\t\t\t\t<span class=\"type\">Partenariato del programma<\/span>\n\t\t\t\t\t<\/div>\n\n\t\t\t\t\t<div class=\"flex flexgrid--narrow flex--wrap\">\n\n\t\t\t\t\t\t<div class=\"flex__item flex__image\">\n\t\t\t\t\t\t\t\n\t\t\t\t\t\t\t\n\t\t\t\t\t\t<\/div>\n\n\t\t\t\t\t\t<div class=\"flex__item flex__title hidden--md\">\n\t\t\t\t\t\t\t<div class=\"max\">\n\t\t\t\t\t\t\t\t<span>Partenariato del programma<\/span>\n\t\t\t\t\t\t\t\t<h2>Koller SA<\/h2>\n\t\t\t\t\t\t\t<\/div>\n\t\t\t\t\t\t<\/div>\n\n\t\t\t\t\t\t<div class=\"flex__item flex__text\">\n\n\t\t\t\t\t\t\t<div class=\"show--md\">\n\t\t\t\t\t\t\t\t<h2>Koller SA<\/h2>\n\t\t\t\t\t\t\t<\/div>\n\t\t\t\t\t\t\t<p>Le cucine sono la passione dell&#8217;azienda di falegnameria di Svitto. Grazie alla produzione interna completa, non ci sono limiti all&#8217;individualit\u00e0 e Koller accompagna i suoi clienti dall&#8217;idea iniziale alla cucina dei sogni.<\/p>\n\t\t\t\t\t\t<\/div>\n\n\t\t\t\t\t<\/div>\n\n\t\t\t\t<\/div>\n\n\t\t\t\n\t\t\t\t\n\t<\/div>\n\n<\/div>\n\n<div class=\"container container--small\">\n<p><\/p>\n<\/div>\n\n <div class=\"block block--apply  margin-bottom--huge none none\" id=\"block_ea4ce7a6cf2d2013b67da1ade6c1ba1a\" data-id=\"\">\n\n\n\t<div class=\"container\">\n\n\t\t\t\t\t\n\t\t\t<div class=\"line js-fade js-fade-up margin-bottom--big\"><h3>Opzioni di Partenariato<\/h3><\/div>\n\t\t\t\n\t\t\n\t\t\t\t\t\n\t\t\t\t<div class=\"js-fade js-fade-up\">\n\n\t\t\t\t\t<h2>Partenariato principale<\/h2>\n\n\t\t\t\t\t<div class=\"flex flexgrid--huge flex--between\">\n\n\t\t\t\t\t\t<div class=\"flex__item flex__text\">\n\t\t\t\t\t\t\t<p>Sostenga il CCAA come partner strategico e a lungo termine e diventi una parte essenziale della nostra visione. Gli sponsor principali ricevono un concetto personalizzato per il loro coinvolgimento nel progetto.<\/p>\n\t\t\t\t\t\t<\/div>\n\n\t\t\t\t\t\t<div class=\"flex__item flex__price\">\n\t\t\t\t\t\t\t<span><\/span>\n\t\t\t\t\t\t<\/div>\n\n\t\t\t\t\t\t<div class=\"flex__item flex__button\">\n\t\t\t\t\t\t\t\n\t\t\t\t\t\t\t\t<a href=\"mailto:pelin@ccaa.ch\" class=\"btn\" target=\"_blank\">\n\t\t\t\t\t\t\t\t\tpartecipare\t\t\t\t\t\t\t\t<\/a>\n\n\t\t\t\t\t\t\t\t\t\t\t\t\t<\/div>\n\n\t\t\t\t\t<\/div>\n\n\t\t\t\t<\/div>\n\n\t\t\t\n\t\t\t\t<div class=\"js-fade js-fade-up\">\n\n\t\t\t\t\t<h2>Partenariato<\/h2>\n\n\t\t\t\t\t<div class=\"flex flexgrid--huge flex--between\">\n\n\t\t\t\t\t\t<div class=\"flex__item flex__text\">\n\t\t\t\t\t\t\t<p>Diventi parte integrante del CCAA come sponsor e partecipi al nostro programma annuale. Gli sponsor vengono messi in evidenza nei media del CCAA.<\/p>\n\t\t\t\t\t\t<\/div>\n\n\t\t\t\t\t\t<div class=\"flex__item flex__price\">\n\t\t\t\t\t\t\t<span><\/span>\n\t\t\t\t\t\t<\/div>\n\n\t\t\t\t\t\t<div class=\"flex__item flex__button\">\n\t\t\t\t\t\t\t\n\t\t\t\t\t\t\t\t<a href=\"mailto:pelin@ccaa.ch\" class=\"btn\" target=\"_blank\">\n\t\t\t\t\t\t\t\t\tpartecipare\t\t\t\t\t\t\t\t<\/a>\n\n\t\t\t\t\t\t\t\t\t\t\t\t\t<\/div>\n\n\t\t\t\t\t<\/div>\n\n\t\t\t\t<\/div>\n\n\t\t\t\n\t\t\t\t<div class=\"js-fade js-fade-up\">\n\n\t\t\t\t\t<h2>Partenariato del programma<\/h2>\n\n\t\t\t\t\t<div class=\"flex flexgrid--huge flex--between\">\n\n\t\t\t\t\t\t<div class=\"flex__item flex__text\">\n\t\t\t\t\t\t\t<p>Sostenga le singole mostre e le attivit\u00e0 del programma come sponsor di eventi del CCAA. La sponsorizzazione del programma viene menzionata e pubblicizzata in relazione agli eventi sponsorizzati.<\/p>\n\t\t\t\t\t\t<\/div>\n\n\t\t\t\t\t\t<div class=\"flex__item flex__price\">\n\t\t\t\t\t\t\t<span><\/span>\n\t\t\t\t\t\t<\/div>\n\n\t\t\t\t\t\t<div class=\"flex__item flex__button\">\n\t\t\t\t\t\t\t\n\t\t\t\t\t\t\t\t<a href=\"mailto:pelin@ccaa.ch\" class=\"btn\" target=\"_blank\">\n\t\t\t\t\t\t\t\t\tpartecipare\t\t\t\t\t\t\t\t<\/a>\n\n\t\t\t\t\t\t\t\t\t\t\t\t\t<\/div>\n\n\t\t\t\t\t<\/div>\n\n\t\t\t\t<\/div>\n\n\t\t\t\n\t\t\t\t\n\t<\/div>\n\n<\/div>\n\n <div class=\"block block--links  margin-bottom\" id=\"block_bd66d04378782c52e8d127b880e592a1\" data-id=\"\">\n\n\n\t<div class=\"container container--full js-fade js-fade-up\">\n\n\t\t<div class=\"flex flex--wrap\">\n\n\t\t\t<div class=\"flex__item one-half\">\n\n\t\t\t\t\n\t\t\t\t\t<a href=\"https:\/\/ccaa.ch\/it\/about\/\" target=\"_self\">\n\t\t\t\t\t\t\n\t\t\t\t\t\t<svg width=\"11\" height=\"8\" viewBox=\"0 0 11 8\" xmlns=\"http:\/\/www.w3.org\/2000\/svg\"><path d=\"M0.646447 3.64645C0.451184 3.84171 0.451184 4.15829 0.646447 4.35355L3.82843 7.53553C4.02369 7.7308 4.34027 7.7308 4.53553 7.53553C4.7308 7.34027 4.7308 7.02369 4.53553 6.82843L1.70711 4L4.53553 1.17157C4.7308 0.97631 4.7308 0.659728 4.53553 0.464466C4.34027 0.269204 4.02369 0.269204 3.82843 0.464466L0.646447 3.64645ZM1 4.5L11 4.5L11 3.5L1 3.5L1 4.5Z\" fill=\"#0C0600\"\/><\/svg>\n\n\t\t\t\t\t\tNostra Storia\t\t\t\t\t<\/a>\n\n\t\t\t\t\n\t\t\t<\/div>\n\n\t\t\t<div class=\"flex__item one-half text--right\">\n\n\t\t\t\t\n\t\t\t\t\t<a href=\"https:\/\/ccaa.ch\/it\/contact\/\" target=\"_self\">\n\n\t\t\t\t\t\tContatti\n\t\t\t\t\t\t<svg width=\"11\" height=\"8\" viewBox=\"0 0 11 8\" xmlns=\"http:\/\/www.w3.org\/2000\/svg\"><path d=\"M10.3536 4.35355C10.5488 4.15829 10.5488 3.84171 10.3536 3.64645L7.17157 0.464465C6.97631 0.269203 6.65973 0.269203 6.46447 0.464466C6.2692 0.659728 6.2692 0.97631 6.46447 1.17157L9.29289 4L6.46447 6.82843C6.2692 7.02369 6.2692 7.34027 6.46447 7.53553C6.65973 7.7308 6.97631 7.7308 7.17157 7.53553L10.3536 4.35355ZM4.37114e-08 4.5L10 4.5L10 3.5L-4.37114e-08 3.5L4.37114e-08 4.5Z\" fill=\"#0C0600\"\/><\/svg>\n\t\t\t\t\t<\/a>\n\n\t\t\t\t\n\t\t\t<\/div>\n\n\t\t<\/div>\n\n\t<\/div>\n\n<\/div>","protected":false},"excerpt":{"rendered":"","protected":false},"author":4,"featured_media":0,"parent":0,"menu_order":9,"comment_status":"closed","ping_status":"closed","template":"page-light.php","meta":{"_acf_changed":false,"inline_featured_image":false,"footnotes":""},"class_list":["post-3845","page","type-page","status-publish","hentry"],"acf":[],"yoast_head":"<!-- This site is optimized with the Yoast SEO plugin v27.3 - https:\/\/yoast.com\/product\/yoast-seo-wordpress\/ -->\n<title>Partenariati - CCAA - Centro di Cultura e d&#039;Arte Ascona<\/title>\n<meta name=\"robots\" content=\"index, follow, max-snippet:-1, max-image-preview:large, max-video-preview:-1\" \/>\n<link rel=\"canonical\" href=\"https:\/\/ccaa.ch\/it\/partnerships\/\" \/>\n<meta property=\"og:locale\" content=\"it_IT\" \/>\n<meta property=\"og:type\" content=\"article\" \/>\n<meta property=\"og:title\" content=\"Partenariati - CCAA - Centro di Cultura e d&#039;Arte Ascona\" \/>\n<meta property=\"og:url\" content=\"https:\/\/ccaa.ch\/it\/partnerships\/\" \/>\n<meta property=\"og:site_name\" content=\"CCAA - Centro di Cultura e d&#039;Arte Ascona\" \/>\n<meta property=\"article:modified_time\" content=\"2025-05-01T12:27:36+00:00\" \/>\n<meta name=\"twitter:card\" content=\"summary_large_image\" \/>\n<script type=\"application\/ld+json\" class=\"yoast-schema-graph\">{\"@context\":\"https:\\\/\\\/schema.org\",\"@graph\":[{\"@type\":\"WebPage\",\"@id\":\"https:\\\/\\\/ccaa.ch\\\/it\\\/partnerships\\\/\",\"url\":\"https:\\\/\\\/ccaa.ch\\\/it\\\/partnerships\\\/\",\"name\":\"Partenariati - CCAA - Centro di Cultura e d'Arte Ascona\",\"isPartOf\":{\"@id\":\"https:\\\/\\\/ccaa.ch\\\/#website\"},\"datePublished\":\"2023-12-29T05:43:27+00:00\",\"dateModified\":\"2025-05-01T12:27:36+00:00\",\"breadcrumb\":{\"@id\":\"https:\\\/\\\/ccaa.ch\\\/it\\\/partnerships\\\/#breadcrumb\"},\"inLanguage\":\"it-IT\",\"potentialAction\":[{\"@type\":\"ReadAction\",\"target\":[\"https:\\\/\\\/ccaa.ch\\\/it\\\/partnerships\\\/\"]}]},{\"@type\":\"BreadcrumbList\",\"@id\":\"https:\\\/\\\/ccaa.ch\\\/it\\\/partnerships\\\/#breadcrumb\",\"itemListElement\":[{\"@type\":\"ListItem\",\"position\":1,\"name\":\"Home\",\"item\":\"https:\\\/\\\/ccaa.ch\\\/it\\\/\"},{\"@type\":\"ListItem\",\"position\":2,\"name\":\"Partenariati\"}]},{\"@type\":\"WebSite\",\"@id\":\"https:\\\/\\\/ccaa.ch\\\/#website\",\"url\":\"https:\\\/\\\/ccaa.ch\\\/\",\"name\":\"CCAA - Centro di Cultura e d'Arte Ascona\",\"description\":\"\",\"publisher\":{\"@id\":\"https:\\\/\\\/ccaa.ch\\\/#organization\"},\"potentialAction\":[{\"@type\":\"SearchAction\",\"target\":{\"@type\":\"EntryPoint\",\"urlTemplate\":\"https:\\\/\\\/ccaa.ch\\\/?s={search_term_string}\"},\"query-input\":{\"@type\":\"PropertyValueSpecification\",\"valueRequired\":true,\"valueName\":\"search_term_string\"}}],\"inLanguage\":\"it-IT\"},{\"@type\":\"Organization\",\"@id\":\"https:\\\/\\\/ccaa.ch\\\/#organization\",\"name\":\"CCAA - Centro di Cultura e d'Arte Ascona\",\"url\":\"https:\\\/\\\/ccaa.ch\\\/\",\"logo\":{\"@type\":\"ImageObject\",\"inLanguage\":\"it-IT\",\"@id\":\"https:\\\/\\\/ccaa.ch\\\/#\\\/schema\\\/logo\\\/image\\\/\",\"url\":\"https:\\\/\\\/ccaa.ch\\\/wp-content\\\/uploads\\\/2023\\\/08\\\/CCAA_Logo_Kombi_black.svg\",\"contentUrl\":\"https:\\\/\\\/ccaa.ch\\\/wp-content\\\/uploads\\\/2023\\\/08\\\/CCAA_Logo_Kombi_black.svg\",\"caption\":\"CCAA - Centro di Cultura e d'Arte Ascona\"},\"image\":{\"@id\":\"https:\\\/\\\/ccaa.ch\\\/#\\\/schema\\\/logo\\\/image\\\/\"}}]}<\/script>\n<!-- \/ Yoast SEO plugin. -->","yoast_head_json":{"title":"Partenariati - CCAA - Centro di Cultura e d'Arte Ascona","robots":{"index":"index","follow":"follow","max-snippet":"max-snippet:-1","max-image-preview":"max-image-preview:large","max-video-preview":"max-video-preview:-1"},"canonical":"https:\/\/ccaa.ch\/it\/partnerships\/","og_locale":"it_IT","og_type":"article","og_title":"Partenariati - CCAA - Centro di Cultura e d'Arte Ascona","og_url":"https:\/\/ccaa.ch\/it\/partnerships\/","og_site_name":"CCAA - Centro di Cultura e d'Arte Ascona","article_modified_time":"2025-05-01T12:27:36+00:00","twitter_card":"summary_large_image","schema":{"@context":"https:\/\/schema.org","@graph":[{"@type":"WebPage","@id":"https:\/\/ccaa.ch\/it\/partnerships\/","url":"https:\/\/ccaa.ch\/it\/partnerships\/","name":"Partenariati - CCAA - Centro di Cultura e d'Arte Ascona","isPartOf":{"@id":"https:\/\/ccaa.ch\/#website"},"datePublished":"2023-12-29T05:43:27+00:00","dateModified":"2025-05-01T12:27:36+00:00","breadcrumb":{"@id":"https:\/\/ccaa.ch\/it\/partnerships\/#breadcrumb"},"inLanguage":"it-IT","potentialAction":[{"@type":"ReadAction","target":["https:\/\/ccaa.ch\/it\/partnerships\/"]}]},{"@type":"BreadcrumbList","@id":"https:\/\/ccaa.ch\/it\/partnerships\/#breadcrumb","itemListElement":[{"@type":"ListItem","position":1,"name":"Home","item":"https:\/\/ccaa.ch\/it\/"},{"@type":"ListItem","position":2,"name":"Partenariati"}]},{"@type":"WebSite","@id":"https:\/\/ccaa.ch\/#website","url":"https:\/\/ccaa.ch\/","name":"CCAA - Centro di Cultura e d'Arte Ascona","description":"","publisher":{"@id":"https:\/\/ccaa.ch\/#organization"},"potentialAction":[{"@type":"SearchAction","target":{"@type":"EntryPoint","urlTemplate":"https:\/\/ccaa.ch\/?s={search_term_string}"},"query-input":{"@type":"PropertyValueSpecification","valueRequired":true,"valueName":"search_term_string"}}],"inLanguage":"it-IT"},{"@type":"Organization","@id":"https:\/\/ccaa.ch\/#organization","name":"CCAA - Centro di Cultura e d'Arte Ascona","url":"https:\/\/ccaa.ch\/","logo":{"@type":"ImageObject","inLanguage":"it-IT","@id":"https:\/\/ccaa.ch\/#\/schema\/logo\/image\/","url":"https:\/\/ccaa.ch\/wp-content\/uploads\/2023\/08\/CCAA_Logo_Kombi_black.svg","contentUrl":"https:\/\/ccaa.ch\/wp-content\/uploads\/2023\/08\/CCAA_Logo_Kombi_black.svg","caption":"CCAA - Centro di Cultura e d'Arte Ascona"},"image":{"@id":"https:\/\/ccaa.ch\/#\/schema\/logo\/image\/"}}]}},"_links":{"self":[{"href":"https:\/\/ccaa.ch\/it\/wp-json\/wp\/v2\/pages\/3845","targetHints":{"allow":["GET"]}}],"collection":[{"href":"https:\/\/ccaa.ch\/it\/wp-json\/wp\/v2\/pages"}],"about":[{"href":"https:\/\/ccaa.ch\/it\/wp-json\/wp\/v2\/types\/page"}],"author":[{"embeddable":true,"href":"https:\/\/ccaa.ch\/it\/wp-json\/wp\/v2\/users\/4"}],"replies":[{"embeddable":true,"href":"https:\/\/ccaa.ch\/it\/wp-json\/wp\/v2\/comments?post=3845"}],"version-history":[{"count":2,"href":"https:\/\/ccaa.ch\/it\/wp-json\/wp\/v2\/pages\/3845\/revisions"}],"predecessor-version":[{"id":5812,"href":"https:\/\/ccaa.ch\/it\/wp-json\/wp\/v2\/pages\/3845\/revisions\/5812"}],"wp:attachment":[{"href":"https:\/\/ccaa.ch\/it\/wp-json\/wp\/v2\/media?parent=3845"}],"curies":[{"name":"wp","href":"https:\/\/api.w.org\/{rel}","templated":true}]}}