{"id":3866,"date":"2023-12-31T08:07:17","date_gmt":"2023-12-31T07:07:17","guid":{"rendered":"https:\/\/ccaa.ch\/membership\/"},"modified":"2024-03-15T20:10:47","modified_gmt":"2024-03-15T19:10:47","slug":"membership","status":"publish","type":"page","link":"https:\/\/ccaa.ch\/it\/membership\/","title":{"rendered":"Appartenenza"},"content":{"rendered":" <div class=\"block block--intro  margin-bottom--big spacing--huge none\" id=\"block_7d23d5bc77872e7bd6858e8a407be18d\" data-id=\"\">\n\n\n\t<div class=\"container container--full js-fade js-fade-up\">\n\n\t\t<div class=\"flex flexgrid--narrow flex--wrap\">\n\n\t\t\t<div class=\"flex__item w300\">\n\t\t\t\t<h3>Appartenenza<\/h3>\n\t\t\t<\/div>\n\n\t\t\t<div class=\"flex__item\">\n\t\t\t\t<div class=\"max\">\n\t\t\t\t\t<p class=\"text--big\">Nessuna nave naviga senza un equipaggio e mentre il nostro team principale lavora con passione per realizzare il sogno della CCAA, ha anche bisogno di una vibrante comunit\u00e0 di amanti dell&#8217;arte che si sentano legati alla nostra visione. In qualit\u00e0 di socio, pu\u00f2 godere di vantaggi esclusivi ed essere orgoglioso di dare un contributo duraturo alla nostra vibrante comunit\u00e0 di artisti. Sfrutti il potere del sostegno collettivo alle arti e diventi socio.<\/p>\n\t\t\t\t<\/div>\n\t\t\t<\/div>\n\n\t\t<\/div>\n\t\t\n\t<\/div>\n\n<\/div>\n\n <div class=\"block block--image-tiny-huge  margin-bottom--giant none none\" id=\"block_61e911e64847422b173a76998061d5f6\" data-id=\"\">\n\n\n\t<div class=\"container container--full js-fade js-fade-up\">\n\n\t\t<div class=\"flex flexgrid--narrow flex--wrap\">\n\n\t\t\t<div class=\"flex__item w300\">\n\t\t\t\t\n\t\t\t\t\t\t\t\t\t<img loading=\"lazy\" decoding=\"async\" src=\"https:\/\/ccaa.ch\/wp-content\/uploads\/2024\/03\/membership2_2er_rechts-40x40.jpg\"\n\t\t\t\t\t\tdata-src=\"https:\/\/ccaa.ch\/wp-content\/uploads\/2024\/03\/membership2_2er_rechts.jpg\"\n\t\t\t\t\t\tdata-srcset=\"https:\/\/ccaa.ch\/wp-content\/uploads\/2024\/03\/membership2_2er_rechts.jpg 1024w,\n\t\t\t\t\t\t\t\t\thttps:\/\/ccaa.ch\/wp-content\/uploads\/2024\/03\/membership2_2er_rechts.jpg 800w,\n\t\t\t                \t\thttps:\/\/ccaa.ch\/wp-content\/uploads\/2024\/03\/membership2_2er_rechts.jpg 640w,\n\t\t\t                \t\thttps:\/\/ccaa.ch\/wp-content\/uploads\/2024\/03\/membership2_2er_rechts.jpg 480w,\n\t\t\t                \t\thttps:\/\/ccaa.ch\/wp-content\/uploads\/2024\/03\/membership2_2er_rechts.jpg 320w\"\n\t                    width=\"300\" height=\"300\"\n\t                    sizes=\"auto, (min-width:1021px) 300px, 48vw\" \n\t                    alt=\"\" class=\"js-load-later\" \/>\n\n\t\t\t\t\n\t\t\t<\/div>\n\n\t\t\t<div class=\"flex__item\">\n\t\t\t\t\n\t\t\t\t\t\t\t\t\t<div class=\"m\"><img loading=\"lazy\" decoding=\"async\" src=\"https:\/\/ccaa.ch\/wp-content\/uploads\/2024\/03\/membership1_2er_links-40x22.jpg\"\n\t\t\t\t\t\tdata-src=\"https:\/\/ccaa.ch\/wp-content\/uploads\/2024\/03\/membership1_2er_links-1024x564.jpg\"\n\t\t\t\t\t\tdata-srcset=\"https:\/\/ccaa.ch\/wp-content\/uploads\/2024\/03\/membership1_2er_links.jpg 2400w,\n\t\t\t\t\t\t\t\t\thttps:\/\/ccaa.ch\/wp-content\/uploads\/2024\/03\/membership1_2er_links-1920x1057.jpg 1920w,\n\t\t\t\t\t\t\t\t\thttps:\/\/ccaa.ch\/wp-content\/uploads\/2024\/03\/membership1_2er_links-1600x881.jpg 1600w,\n\t\t\t\t\t\t\t\t\thttps:\/\/ccaa.ch\/wp-content\/uploads\/2024\/03\/membership1_2er_links-1400x771.jpg 1400w,\n\t\t\t\t\t\t\t\t\thttps:\/\/ccaa.ch\/wp-content\/uploads\/2024\/03\/membership1_2er_links-1200x661.jpg 1200w,\n\t\t\t                \t\thttps:\/\/ccaa.ch\/wp-content\/uploads\/2024\/03\/membership1_2er_links-1024x564.jpg 1024w,\n\t\t\t                \t\thttps:\/\/ccaa.ch\/wp-content\/uploads\/2024\/03\/membership1_2er_links-800x440.jpg 800w,\n\t\t\t                \t\thttps:\/\/ccaa.ch\/wp-content\/uploads\/2024\/03\/membership1_2er_links-640x352.jpg 640w\"\n\t                    width=\"2180\" height=\"1200\"\n\t                    sizes=\"auto, (min-width:1021px) 80vw, 96vw\" \n\t                    alt=\"\" class=\"js-load-later\" \/>\n\t                <\/div>\n\n\t\t\t\t\n\t\t\t<\/div>\n\n\t\t<\/div>\n\t\t\n\t<\/div>\n\n<\/div>\n\n <div class=\"block block--membership  margin-bottom--giant none none\" id=\"block_842fc60d27fd8b9d4cebcaab9e35f857\" data-id=\"\">\n\n\n\t<div class=\"container\">\n\n\t\t<div class=\"js-fade js-fade-up line margin-bottom--big\">\n\t\t\t<h3>Diventa parte della CCAA<\/h3>\n\t\t<\/div>\n\n\t<\/div>\n\n\t<div class=\"container container--small\">\n\n\t\t<div class=\"js-fade js-fade-up\">\n\n\t\t\t<div class=\"flex flexgrid--gutter flex--wrap\">\n\n\t\t\t\t\t\t\t\t\t\n\t\t\t\t\t\t<div class=\"flex__item one-half sm-one-whole\">\n\t\t\t\t\t\t\t<div class=\"h100 flex flex--column\">\n\t\t\t\t\t\t\t\t<div class=\"flex1\">\n\t\t\t\t\t\t\t\t\t<h2>CCAA Membri<\/h2>\n\t\t\t\t\t\t\t\t\t<h4>Vantaggi per Membri<\/h4>\n\t\t\t\t\t\t\t\t\t<ul>\n<li>Anteprima delle mostre CCAA<\/li>\n<li>Possibilit\u00e0 di un evento privato nel giardino<\/li>\n<li>Visite private alla Galleria per un massimo di 12 persone<\/li>\n<li>Sconto del 10% nello Shop della Galleria<\/li>\n<li>Inserzione sul sito web del CCAA in qualit\u00e0 di socio<\/li>\n<\/ul>\n\t\t\t\t\t\t\t\t<\/div>\n\t\t\t\t\t\t\t\t<h4>Quota annuale: 900 CHF<\/h4>\n\t\t\t\t\t\t\t\t<div class=\"padding-top\">\n\t\t\t\t\t\t\t\t\t\t\t\t\t\t\t\t\t\t\t<a href=\"mailto:pelin@ccaa.ch\" target=\"_blank\" class=\"btn\">\n\t\t\t\t\t\t\t\t\t\t\tdiventa membro\t\t\t\t\t\t\t\t\t\t<\/a>\n\t\t\t\t\t\t\t\t\t\t\t\t\t\t\t\t\t<\/div>\n\t\t\t\t\t\t\t<\/div>\n\t\t\t\t\t\t<\/div>\n\n\t\t\t\t\t\n\t\t\t\t\t\t<div class=\"flex__item one-half sm-one-whole\">\n\t\t\t\t\t\t\t<div class=\"h100 flex flex--column\">\n\t\t\t\t\t\t\t\t<div class=\"flex1\">\n\t\t\t\t\t\t\t\t\t<h2>CCAA Amici<\/h2>\n\t\t\t\t\t\t\t\t\t<h4>Vantaggi per Amici<\/h4>\n\t\t\t\t\t\t\t\t\t<ul>\n<li>Anteprima delle mostre del CCAA<\/li>\n<li>Possibilit\u00e0 di un evento privato nel giardino<\/li>\n<li>Visite private alla Galleria per un massimo di 12 persone<\/li>\n<li>Sconto del 10% nello Shop della Galleria<\/li>\n<li>Inserzione sul sito web del CCAA in qualit\u00e0 di amico<\/li>\n<li>Copia gratuita dell&#8217;Annuario CCAA<\/li>\n<li>Visita guidata privata della Residenza<\/li>\n<li>Invito ad eventi ed escursioni per gli amici CCAA<\/li>\n<\/ul>\n\t\t\t\t\t\t\t\t<\/div>\n\t\t\t\t\t\t\t\t<h4>Quota annuale: 2900 CHF<\/h4>\n\t\t\t\t\t\t\t\t<div class=\"padding-top\">\n\t\t\t\t\t\t\t\t\t\t\t\t\t\t\t\t\t\t\t<a href=\"mailto:pelin@ccaa.ch\" target=\"_blank\" class=\"btn\">\n\t\t\t\t\t\t\t\t\t\t\tdiventa amico\t\t\t\t\t\t\t\t\t\t<\/a>\n\t\t\t\t\t\t\t\t\t\t\t\t\t\t\t\t\t<\/div>\n\t\t\t\t\t\t\t<\/div>\n\t\t\t\t\t\t<\/div>\n\n\t\t\t\t\t\n\t\t\t\t\t\t\t<\/div>\n\n\t\t<\/div>\n\n\t<\/div>\n\n<\/div>\n\n <div class=\"block block--members  margin-bottom--huge none none\" id=\"block_dbde110b61b1317d63af18e1e91a3e08\" data-id=\"\">\n\n\n\t<div class=\"container\">\n\n\t\t<div class=\"js-fade js-fade-up line\">\n\t\t\t<h3>I nostri Membri e Amici<\/h3>\n\t\t<\/div>\n\n\t\t<div class=\"js-fade js-fade-up\">\n\n\t\t\t<div class=\"flex flexgrid--gutter flex--wrap\">\n\n\t\t\t\t\t\t\t\t\t\n\t\t\t\t\t\t<div class=\"flex__item one-third lg-one-half sm-one-whole\">\n\t\t\t\t\t\t\t<p>\n\t\t\t\t\t\t\t\t<span class=\"beta\">Corinna Strickler \u2013<\/span>\n\t\t\t\t\t\t\t\t<span class=\"delta\">Membro<\/span>\n\t\t\t\t\t\t\t<\/p>\n\t\t\t\t\t\t<\/div>\n\n\t\t\t\t\t\n\t\t\t\t\t\t<div class=\"flex__item one-third lg-one-half sm-one-whole\">\n\t\t\t\t\t\t\t<p>\n\t\t\t\t\t\t\t\t<span class=\"beta\">J\u00fcrg Schoop \u2013<\/span>\n\t\t\t\t\t\t\t\t<span class=\"delta\">Amico<\/span>\n\t\t\t\t\t\t\t<\/p>\n\t\t\t\t\t\t<\/div>\n\n\t\t\t\t\t\n\t\t\t\t\t\t<div class=\"flex__item one-third lg-one-half sm-one-whole\">\n\t\t\t\t\t\t\t<p>\n\t\t\t\t\t\t\t\t<span class=\"beta\">Rita Hunziker Ruegger \u2013<\/span>\n\t\t\t\t\t\t\t\t<span class=\"delta\">Membro<\/span>\n\t\t\t\t\t\t\t<\/p>\n\t\t\t\t\t\t<\/div>\n\n\t\t\t\t\t\n\t\t\t\t\t\t<div class=\"flex__item one-third lg-one-half sm-one-whole\">\n\t\t\t\t\t\t\t<p>\n\t\t\t\t\t\t\t\t<span class=\"beta\">Tobias Gombert \u2013<\/span>\n\t\t\t\t\t\t\t\t<span class=\"delta\">Membro<\/span>\n\t\t\t\t\t\t\t<\/p>\n\t\t\t\t\t\t<\/div>\n\n\t\t\t\t\t\n\t\t\t\t\t\t\t<\/div>\n\n\t\t<\/div>\n\n\t<\/div>\n\n<\/div>\n\n <div class=\"block block--links  margin-bottom\" id=\"block_a23a8deae5bc7cea65514dedb896fe02\" data-id=\"\">\n\n\n\t<div class=\"container container--full js-fade js-fade-up\">\n\n\t\t<div class=\"flex flex--wrap\">\n\n\t\t\t<div class=\"flex__item one-half\">\n\n\t\t\t\t\n\t\t\t\t\t<a href=\"https:\/\/ccaa.ch\/it\/about\/\" target=\"_self\">\n\t\t\t\t\t\t\n\t\t\t\t\t\t<svg width=\"11\" height=\"8\" viewBox=\"0 0 11 8\" xmlns=\"http:\/\/www.w3.org\/2000\/svg\"><path d=\"M0.646447 3.64645C0.451184 3.84171 0.451184 4.15829 0.646447 4.35355L3.82843 7.53553C4.02369 7.7308 4.34027 7.7308 4.53553 7.53553C4.7308 7.34027 4.7308 7.02369 4.53553 6.82843L1.70711 4L4.53553 1.17157C4.7308 0.97631 4.7308 0.659728 4.53553 0.464466C4.34027 0.269204 4.02369 0.269204 3.82843 0.464466L0.646447 3.64645ZM1 4.5L11 4.5L11 3.5L1 3.5L1 4.5Z\" fill=\"#0C0600\"\/><\/svg>\n\n\t\t\t\t\t\tNostra Storia\t\t\t\t\t<\/a>\n\n\t\t\t\t\n\t\t\t<\/div>\n\n\t\t\t<div class=\"flex__item one-half text--right\">\n\n\t\t\t\t\n\t\t\t\t\t<a href=\"https:\/\/ccaa.ch\/it\/contact\/\" target=\"_self\">\n\n\t\t\t\t\t\tContatti\n\t\t\t\t\t\t<svg width=\"11\" height=\"8\" viewBox=\"0 0 11 8\" xmlns=\"http:\/\/www.w3.org\/2000\/svg\"><path d=\"M10.3536 4.35355C10.5488 4.15829 10.5488 3.84171 10.3536 3.64645L7.17157 0.464465C6.97631 0.269203 6.65973 0.269203 6.46447 0.464466C6.2692 0.659728 6.2692 0.97631 6.46447 1.17157L9.29289 4L6.46447 6.82843C6.2692 7.02369 6.2692 7.34027 6.46447 7.53553C6.65973 7.7308 6.97631 7.7308 7.17157 7.53553L10.3536 4.35355ZM4.37114e-08 4.5L10 4.5L10 3.5L-4.37114e-08 3.5L4.37114e-08 4.5Z\" fill=\"#0C0600\"\/><\/svg>\n\t\t\t\t\t<\/a>\n\n\t\t\t\t\n\t\t\t<\/div>\n\n\t\t<\/div>\n\n\t<\/div>\n\n<\/div>","protected":false},"excerpt":{"rendered":"","protected":false},"author":4,"featured_media":0,"parent":0,"menu_order":10,"comment_status":"closed","ping_status":"closed","template":"page-light.php","meta":{"_acf_changed":false,"inline_featured_image":false,"footnotes":""},"class_list":["post-3866","page","type-page","status-publish","hentry"],"acf":[],"yoast_head":"<!-- This site is optimized with the Yoast SEO plugin v27.4 - https:\/\/yoast.com\/product\/yoast-seo-wordpress\/ -->\n<title>Appartenenza - CCAA - Centro di Cultura e d&#039;Arte Ascona<\/title>\n<meta name=\"robots\" content=\"index, follow, max-snippet:-1, max-image-preview:large, max-video-preview:-1\" \/>\n<link rel=\"canonical\" href=\"https:\/\/ccaa.ch\/it\/membership\/\" \/>\n<meta property=\"og:locale\" content=\"it_IT\" \/>\n<meta property=\"og:type\" content=\"article\" \/>\n<meta property=\"og:title\" content=\"Appartenenza - CCAA - Centro di Cultura e d&#039;Arte Ascona\" \/>\n<meta property=\"og:url\" content=\"https:\/\/ccaa.ch\/it\/membership\/\" \/>\n<meta property=\"og:site_name\" content=\"CCAA - Centro di Cultura e d&#039;Arte Ascona\" \/>\n<meta property=\"article:modified_time\" content=\"2024-03-15T19:10:47+00:00\" \/>\n<meta name=\"twitter:card\" content=\"summary_large_image\" \/>\n<meta name=\"twitter:label1\" content=\"Tempo di lettura stimato\" \/>\n\t<meta name=\"twitter:data1\" content=\"1 minuto\" \/>\n<script type=\"application\/ld+json\" class=\"yoast-schema-graph\">{\"@context\":\"https:\\\/\\\/schema.org\",\"@graph\":[{\"@type\":\"WebPage\",\"@id\":\"https:\\\/\\\/ccaa.ch\\\/it\\\/membership\\\/\",\"url\":\"https:\\\/\\\/ccaa.ch\\\/it\\\/membership\\\/\",\"name\":\"Appartenenza - CCAA - Centro di Cultura e d'Arte Ascona\",\"isPartOf\":{\"@id\":\"https:\\\/\\\/ccaa.ch\\\/#website\"},\"datePublished\":\"2023-12-31T07:07:17+00:00\",\"dateModified\":\"2024-03-15T19:10:47+00:00\",\"breadcrumb\":{\"@id\":\"https:\\\/\\\/ccaa.ch\\\/it\\\/membership\\\/#breadcrumb\"},\"inLanguage\":\"it-IT\",\"potentialAction\":[{\"@type\":\"ReadAction\",\"target\":[\"https:\\\/\\\/ccaa.ch\\\/it\\\/membership\\\/\"]}]},{\"@type\":\"BreadcrumbList\",\"@id\":\"https:\\\/\\\/ccaa.ch\\\/it\\\/membership\\\/#breadcrumb\",\"itemListElement\":[{\"@type\":\"ListItem\",\"position\":1,\"name\":\"Home\",\"item\":\"https:\\\/\\\/ccaa.ch\\\/it\\\/\"},{\"@type\":\"ListItem\",\"position\":2,\"name\":\"Appartenenza\"}]},{\"@type\":\"WebSite\",\"@id\":\"https:\\\/\\\/ccaa.ch\\\/#website\",\"url\":\"https:\\\/\\\/ccaa.ch\\\/\",\"name\":\"CCAA - Centro di Cultura e d'Arte Ascona\",\"description\":\"\",\"publisher\":{\"@id\":\"https:\\\/\\\/ccaa.ch\\\/#organization\"},\"potentialAction\":[{\"@type\":\"SearchAction\",\"target\":{\"@type\":\"EntryPoint\",\"urlTemplate\":\"https:\\\/\\\/ccaa.ch\\\/?s={search_term_string}\"},\"query-input\":{\"@type\":\"PropertyValueSpecification\",\"valueRequired\":true,\"valueName\":\"search_term_string\"}}],\"inLanguage\":\"it-IT\"},{\"@type\":\"Organization\",\"@id\":\"https:\\\/\\\/ccaa.ch\\\/#organization\",\"name\":\"CCAA - Centro di Cultura e d'Arte Ascona\",\"url\":\"https:\\\/\\\/ccaa.ch\\\/\",\"logo\":{\"@type\":\"ImageObject\",\"inLanguage\":\"it-IT\",\"@id\":\"https:\\\/\\\/ccaa.ch\\\/#\\\/schema\\\/logo\\\/image\\\/\",\"url\":\"https:\\\/\\\/ccaa.ch\\\/wp-content\\\/uploads\\\/2023\\\/08\\\/CCAA_Logo_Kombi_black.svg\",\"contentUrl\":\"https:\\\/\\\/ccaa.ch\\\/wp-content\\\/uploads\\\/2023\\\/08\\\/CCAA_Logo_Kombi_black.svg\",\"caption\":\"CCAA - Centro di Cultura e d'Arte Ascona\"},\"image\":{\"@id\":\"https:\\\/\\\/ccaa.ch\\\/#\\\/schema\\\/logo\\\/image\\\/\"}}]}<\/script>\n<!-- \/ Yoast SEO plugin. -->","yoast_head_json":{"title":"Appartenenza - CCAA - Centro di Cultura e d'Arte Ascona","robots":{"index":"index","follow":"follow","max-snippet":"max-snippet:-1","max-image-preview":"max-image-preview:large","max-video-preview":"max-video-preview:-1"},"canonical":"https:\/\/ccaa.ch\/it\/membership\/","og_locale":"it_IT","og_type":"article","og_title":"Appartenenza - CCAA - Centro di Cultura e d'Arte Ascona","og_url":"https:\/\/ccaa.ch\/it\/membership\/","og_site_name":"CCAA - Centro di Cultura e d'Arte Ascona","article_modified_time":"2024-03-15T19:10:47+00:00","twitter_card":"summary_large_image","twitter_misc":{"Tempo di lettura stimato":"1 minuto"},"schema":{"@context":"https:\/\/schema.org","@graph":[{"@type":"WebPage","@id":"https:\/\/ccaa.ch\/it\/membership\/","url":"https:\/\/ccaa.ch\/it\/membership\/","name":"Appartenenza - CCAA - Centro di Cultura e d'Arte Ascona","isPartOf":{"@id":"https:\/\/ccaa.ch\/#website"},"datePublished":"2023-12-31T07:07:17+00:00","dateModified":"2024-03-15T19:10:47+00:00","breadcrumb":{"@id":"https:\/\/ccaa.ch\/it\/membership\/#breadcrumb"},"inLanguage":"it-IT","potentialAction":[{"@type":"ReadAction","target":["https:\/\/ccaa.ch\/it\/membership\/"]}]},{"@type":"BreadcrumbList","@id":"https:\/\/ccaa.ch\/it\/membership\/#breadcrumb","itemListElement":[{"@type":"ListItem","position":1,"name":"Home","item":"https:\/\/ccaa.ch\/it\/"},{"@type":"ListItem","position":2,"name":"Appartenenza"}]},{"@type":"WebSite","@id":"https:\/\/ccaa.ch\/#website","url":"https:\/\/ccaa.ch\/","name":"CCAA - Centro di Cultura e d'Arte Ascona","description":"","publisher":{"@id":"https:\/\/ccaa.ch\/#organization"},"potentialAction":[{"@type":"SearchAction","target":{"@type":"EntryPoint","urlTemplate":"https:\/\/ccaa.ch\/?s={search_term_string}"},"query-input":{"@type":"PropertyValueSpecification","valueRequired":true,"valueName":"search_term_string"}}],"inLanguage":"it-IT"},{"@type":"Organization","@id":"https:\/\/ccaa.ch\/#organization","name":"CCAA - Centro di Cultura e d'Arte Ascona","url":"https:\/\/ccaa.ch\/","logo":{"@type":"ImageObject","inLanguage":"it-IT","@id":"https:\/\/ccaa.ch\/#\/schema\/logo\/image\/","url":"https:\/\/ccaa.ch\/wp-content\/uploads\/2023\/08\/CCAA_Logo_Kombi_black.svg","contentUrl":"https:\/\/ccaa.ch\/wp-content\/uploads\/2023\/08\/CCAA_Logo_Kombi_black.svg","caption":"CCAA - Centro di Cultura e d'Arte Ascona"},"image":{"@id":"https:\/\/ccaa.ch\/#\/schema\/logo\/image\/"}}]}},"_links":{"self":[{"href":"https:\/\/ccaa.ch\/it\/wp-json\/wp\/v2\/pages\/3866","targetHints":{"allow":["GET"]}}],"collection":[{"href":"https:\/\/ccaa.ch\/it\/wp-json\/wp\/v2\/pages"}],"about":[{"href":"https:\/\/ccaa.ch\/it\/wp-json\/wp\/v2\/types\/page"}],"author":[{"embeddable":true,"href":"https:\/\/ccaa.ch\/it\/wp-json\/wp\/v2\/users\/4"}],"replies":[{"embeddable":true,"href":"https:\/\/ccaa.ch\/it\/wp-json\/wp\/v2\/comments?post=3866"}],"version-history":[{"count":0,"href":"https:\/\/ccaa.ch\/it\/wp-json\/wp\/v2\/pages\/3866\/revisions"}],"wp:attachment":[{"href":"https:\/\/ccaa.ch\/it\/wp-json\/wp\/v2\/media?parent=3866"}],"curies":[{"name":"wp","href":"https:\/\/api.w.org\/{rel}","templated":true}]}}