{"id":3894,"date":"2023-08-16T08:20:51","date_gmt":"2023-08-16T06:20:51","guid":{"rendered":"https:\/\/ccaa.ch\/imprint\/"},"modified":"2024-03-14T18:28:41","modified_gmt":"2024-03-14T17:28:41","slug":"imprint","status":"publish","type":"page","link":"https:\/\/ccaa.ch\/it\/imprint\/","title":{"rendered":"Impronta"},"content":{"rendered":" <div class=\"block block--text  margin-bottom--huge none none\" id=\"block_f3a5ccd05934e87ba7bd80ed88520e2a\" data-id=\"\">\n\n\n\t<div class=\"container container js-fade js-fade-up\">\n\n\t\t<h1 class=\"line\">Impronta<\/h1>\n<p>CCAA &#8211; Centro di Cultura e d&#8217;Arte Ascona<br \/>\nc\/o Galleria Berno Sacchetti AG<\/p>\n<p>Via Beato P. Berno 14<br \/>\nCH-6612 Ascona<\/p>\n<p>Direzione e responsabilit\u00e0 dei contenuti<\/p>\n<p>Pelin Karamustafaoglu<br \/>\nTelefono: +41 91 791 20 79<br \/>\nE-Mail info@ccaa.ch<\/p>\n<p>Autorit\u00e0 di vigilanza<\/p>\n<p>Tutte le autorizzazioni sono state concesse.<br \/>\nSvizzera: Amt f\u00fcr Wirtschaft und Arbeit des Kantons Schwyz<\/p>\n<p>Sede legale e numero di registro<\/p>\n<p>Zurigo: Handelsregister Schweiz CH-130-3023786-3\/ CHE-131.922.172<\/p>\n<p>Diritti IP<\/p>\n<p>\u00a9 2024 Centro di Cultura e d&#8217;Arte Ascona c\/o Galleria Berno Sacchetti AG<\/p>\n<p>Utilizzo del nostro sito web<\/p>\n<p>Il CCAA compie ogni sforzo per garantire il funzionamento sicuro del sito web. Tuttavia, non si possono escludere difetti come la perdita o la falsificazione dei dati, l&#8217;attacco di virus, l&#8217;interruzione delle operazioni, ecc. L&#8217;accesso al sito web \u00e8 quindi a rischio e responsabilit\u00e0 dell&#8217;utente.<\/p>\n<p>Copyright<\/p>\n<p>Le pagine web appartengono esclusivamente a CCAA. Il contenuto e la struttura delle pagine web sono protetti da copyright. Tutti i diritti sono riservati. Anche i diritti d&#8217;autore di terzi sono riservati. Gli avvisi di copyright, i nomi dei marchi e altre denominazioni legalmente protette non possono essere modificati o rimossi. La riproduzione o l&#8217;utilizzo completo o parziale delle pagine web per scopi pubblici o commerciali \u00e8 vietato senza il previo consenso scritto di CCAA. A questo proposito, le informazioni o i dati (testi, immagini, grafici, file audio, video o di animazione) delle pagine web, in tutto o in parte, non possono essere utilizzati o sfruttati senza il previo consenso scritto di CCAA. Lo stesso vale per la riproduzione di elementi delle pagine web. I contenuti delle pagine web possono essere recuperati, duplicati, salvati e modificati, in tutto o in parte, esclusivamente per uso privato. \u00c8 vietata la trasmissione a terzi senza il previo consenso scritto di CCAA.<\/p>\n<p>Esclusione di responsabilit\u00e0<\/p>\n<p>CCAA non si assume alcuna responsabilit\u00e0 per i danni o le conseguenze derivanti dall&#8217;accesso al suo sito web o a singole parti di esso (come i documenti scaricati), dal suo utilizzo (o dall&#8217;impossibilit\u00e0 di accesso o di utilizzo) o dai link ad altri siti web.<\/p>\n<p>Siti web collegati<\/p>\n<p>Alcuni siti di questa pagina contengono link a siti web di terzi. CCAA non si assume alcuna responsabilit\u00e0 per il loro contenuto, per i prodotti, i servizi o le altre offerte che contengono, o per la conformit\u00e0 alle normative sulla protezione dei dati. L&#8217;attivazione di un link \u00e8 a rischio dell&#8217;utente.<\/p>\n<p>Concetto e design: <a href=\"http:\/\/brandshake.de\">BRANDSHAKE<\/a><\/p>\n<p>\u00a9 2024 Centro di Cultura e d&#8217;Arte Ascona<\/p>\n\n\t\t\n\t<\/div>\n\n<\/div>","protected":false},"excerpt":{"rendered":"","protected":false},"author":4,"featured_media":0,"parent":0,"menu_order":12,"comment_status":"closed","ping_status":"closed","template":"page-light.php","meta":{"_acf_changed":false,"inline_featured_image":false,"footnotes":""},"class_list":["post-3894","page","type-page","status-publish","hentry"],"acf":[],"yoast_head":"<!-- This site is optimized with the Yoast SEO plugin v27.4 - https:\/\/yoast.com\/product\/yoast-seo-wordpress\/ -->\n<title>Impronta - CCAA - Centro di Cultura e d&#039;Arte Ascona<\/title>\n<meta name=\"robots\" content=\"index, follow, max-snippet:-1, max-image-preview:large, max-video-preview:-1\" \/>\n<link rel=\"canonical\" href=\"https:\/\/ccaa.ch\/it\/imprint\/\" \/>\n<meta property=\"og:locale\" content=\"it_IT\" \/>\n<meta property=\"og:type\" content=\"article\" \/>\n<meta property=\"og:title\" content=\"Impronta - CCAA - Centro di Cultura e d&#039;Arte Ascona\" \/>\n<meta property=\"og:url\" content=\"https:\/\/ccaa.ch\/it\/imprint\/\" \/>\n<meta property=\"og:site_name\" content=\"CCAA - Centro di Cultura e d&#039;Arte Ascona\" \/>\n<meta property=\"article:modified_time\" content=\"2024-03-14T17:28:41+00:00\" \/>\n<meta name=\"twitter:card\" content=\"summary_large_image\" \/>\n<meta name=\"twitter:label1\" content=\"Tempo di lettura stimato\" \/>\n\t<meta name=\"twitter:data1\" content=\"2 minuti\" \/>\n<script type=\"application\/ld+json\" class=\"yoast-schema-graph\">{\"@context\":\"https:\\\/\\\/schema.org\",\"@graph\":[{\"@type\":\"WebPage\",\"@id\":\"https:\\\/\\\/ccaa.ch\\\/it\\\/imprint\\\/\",\"url\":\"https:\\\/\\\/ccaa.ch\\\/it\\\/imprint\\\/\",\"name\":\"Impronta - CCAA - Centro di Cultura e d'Arte Ascona\",\"isPartOf\":{\"@id\":\"https:\\\/\\\/ccaa.ch\\\/#website\"},\"datePublished\":\"2023-08-16T06:20:51+00:00\",\"dateModified\":\"2024-03-14T17:28:41+00:00\",\"breadcrumb\":{\"@id\":\"https:\\\/\\\/ccaa.ch\\\/it\\\/imprint\\\/#breadcrumb\"},\"inLanguage\":\"it-IT\",\"potentialAction\":[{\"@type\":\"ReadAction\",\"target\":[\"https:\\\/\\\/ccaa.ch\\\/it\\\/imprint\\\/\"]}]},{\"@type\":\"BreadcrumbList\",\"@id\":\"https:\\\/\\\/ccaa.ch\\\/it\\\/imprint\\\/#breadcrumb\",\"itemListElement\":[{\"@type\":\"ListItem\",\"position\":1,\"name\":\"Home\",\"item\":\"https:\\\/\\\/ccaa.ch\\\/it\\\/\"},{\"@type\":\"ListItem\",\"position\":2,\"name\":\"Impronta\"}]},{\"@type\":\"WebSite\",\"@id\":\"https:\\\/\\\/ccaa.ch\\\/#website\",\"url\":\"https:\\\/\\\/ccaa.ch\\\/\",\"name\":\"CCAA - Centro di Cultura e d'Arte Ascona\",\"description\":\"\",\"publisher\":{\"@id\":\"https:\\\/\\\/ccaa.ch\\\/#organization\"},\"potentialAction\":[{\"@type\":\"SearchAction\",\"target\":{\"@type\":\"EntryPoint\",\"urlTemplate\":\"https:\\\/\\\/ccaa.ch\\\/?s={search_term_string}\"},\"query-input\":{\"@type\":\"PropertyValueSpecification\",\"valueRequired\":true,\"valueName\":\"search_term_string\"}}],\"inLanguage\":\"it-IT\"},{\"@type\":\"Organization\",\"@id\":\"https:\\\/\\\/ccaa.ch\\\/#organization\",\"name\":\"CCAA - Centro di Cultura e d'Arte Ascona\",\"url\":\"https:\\\/\\\/ccaa.ch\\\/\",\"logo\":{\"@type\":\"ImageObject\",\"inLanguage\":\"it-IT\",\"@id\":\"https:\\\/\\\/ccaa.ch\\\/#\\\/schema\\\/logo\\\/image\\\/\",\"url\":\"https:\\\/\\\/ccaa.ch\\\/wp-content\\\/uploads\\\/2023\\\/08\\\/CCAA_Logo_Kombi_black.svg\",\"contentUrl\":\"https:\\\/\\\/ccaa.ch\\\/wp-content\\\/uploads\\\/2023\\\/08\\\/CCAA_Logo_Kombi_black.svg\",\"caption\":\"CCAA - Centro di Cultura e d'Arte Ascona\"},\"image\":{\"@id\":\"https:\\\/\\\/ccaa.ch\\\/#\\\/schema\\\/logo\\\/image\\\/\"}}]}<\/script>\n<!-- \/ Yoast SEO plugin. -->","yoast_head_json":{"title":"Impronta - CCAA - Centro di Cultura e d'Arte Ascona","robots":{"index":"index","follow":"follow","max-snippet":"max-snippet:-1","max-image-preview":"max-image-preview:large","max-video-preview":"max-video-preview:-1"},"canonical":"https:\/\/ccaa.ch\/it\/imprint\/","og_locale":"it_IT","og_type":"article","og_title":"Impronta - CCAA - Centro di Cultura e d'Arte Ascona","og_url":"https:\/\/ccaa.ch\/it\/imprint\/","og_site_name":"CCAA - Centro di Cultura e d'Arte Ascona","article_modified_time":"2024-03-14T17:28:41+00:00","twitter_card":"summary_large_image","twitter_misc":{"Tempo di lettura stimato":"2 minuti"},"schema":{"@context":"https:\/\/schema.org","@graph":[{"@type":"WebPage","@id":"https:\/\/ccaa.ch\/it\/imprint\/","url":"https:\/\/ccaa.ch\/it\/imprint\/","name":"Impronta - CCAA - Centro di Cultura e d'Arte Ascona","isPartOf":{"@id":"https:\/\/ccaa.ch\/#website"},"datePublished":"2023-08-16T06:20:51+00:00","dateModified":"2024-03-14T17:28:41+00:00","breadcrumb":{"@id":"https:\/\/ccaa.ch\/it\/imprint\/#breadcrumb"},"inLanguage":"it-IT","potentialAction":[{"@type":"ReadAction","target":["https:\/\/ccaa.ch\/it\/imprint\/"]}]},{"@type":"BreadcrumbList","@id":"https:\/\/ccaa.ch\/it\/imprint\/#breadcrumb","itemListElement":[{"@type":"ListItem","position":1,"name":"Home","item":"https:\/\/ccaa.ch\/it\/"},{"@type":"ListItem","position":2,"name":"Impronta"}]},{"@type":"WebSite","@id":"https:\/\/ccaa.ch\/#website","url":"https:\/\/ccaa.ch\/","name":"CCAA - Centro di Cultura e d'Arte Ascona","description":"","publisher":{"@id":"https:\/\/ccaa.ch\/#organization"},"potentialAction":[{"@type":"SearchAction","target":{"@type":"EntryPoint","urlTemplate":"https:\/\/ccaa.ch\/?s={search_term_string}"},"query-input":{"@type":"PropertyValueSpecification","valueRequired":true,"valueName":"search_term_string"}}],"inLanguage":"it-IT"},{"@type":"Organization","@id":"https:\/\/ccaa.ch\/#organization","name":"CCAA - Centro di Cultura e d'Arte Ascona","url":"https:\/\/ccaa.ch\/","logo":{"@type":"ImageObject","inLanguage":"it-IT","@id":"https:\/\/ccaa.ch\/#\/schema\/logo\/image\/","url":"https:\/\/ccaa.ch\/wp-content\/uploads\/2023\/08\/CCAA_Logo_Kombi_black.svg","contentUrl":"https:\/\/ccaa.ch\/wp-content\/uploads\/2023\/08\/CCAA_Logo_Kombi_black.svg","caption":"CCAA - Centro di Cultura e d'Arte Ascona"},"image":{"@id":"https:\/\/ccaa.ch\/#\/schema\/logo\/image\/"}}]}},"_links":{"self":[{"href":"https:\/\/ccaa.ch\/it\/wp-json\/wp\/v2\/pages\/3894","targetHints":{"allow":["GET"]}}],"collection":[{"href":"https:\/\/ccaa.ch\/it\/wp-json\/wp\/v2\/pages"}],"about":[{"href":"https:\/\/ccaa.ch\/it\/wp-json\/wp\/v2\/types\/page"}],"author":[{"embeddable":true,"href":"https:\/\/ccaa.ch\/it\/wp-json\/wp\/v2\/users\/4"}],"replies":[{"embeddable":true,"href":"https:\/\/ccaa.ch\/it\/wp-json\/wp\/v2\/comments?post=3894"}],"version-history":[{"count":0,"href":"https:\/\/ccaa.ch\/it\/wp-json\/wp\/v2\/pages\/3894\/revisions"}],"wp:attachment":[{"href":"https:\/\/ccaa.ch\/it\/wp-json\/wp\/v2\/media?parent=3894"}],"curies":[{"name":"wp","href":"https:\/\/api.w.org\/{rel}","templated":true}]}}