{"id":3900,"date":"2023-08-14T17:39:15","date_gmt":"2023-08-14T15:39:15","guid":{"rendered":"https:\/\/ccaa.ch\/privacy-policy\/"},"modified":"2024-03-14T19:45:44","modified_gmt":"2024-03-14T18:45:44","slug":"privacy-policy","status":"publish","type":"page","link":"https:\/\/ccaa.ch\/it\/privacy-policy\/","title":{"rendered":"Privacy Policy"},"content":{"rendered":" <div class=\"block block--text  margin-bottom--huge none none\" id=\"block_5abf12cda4825dbc84dabc62a24b6a77\" data-id=\"\">\n\n\n\t<div class=\"container container js-fade js-fade-up\">\n\n\t\t<h1 class=\"line\">Privacy Policy<\/h1>\n<p>1. Dichiarazione<\/p>\n<p>La presente informativa sulla privacy la informa sul tipo, l&#8217;ambito e lo scopo della raccolta e dell&#8217;utilizzo dei dati personali sul nostro sito web https:\/\/www.ccaa.ch (di seguito &#8220;sito web&#8221;) da parte della Galleria Berno Sacchetti AG (di seguito &#8220;noi&#8221; o &#8220;ci&#8221;) e fornisce informazioni sui diritti che le spettano. Tali diritti sono disciplinati dalle leggi applicabili in materia di protezione dei dati.<\/p>\n<p>Per dati personali si intendono tutte le informazioni relative a una persona identificata o identificabile. Se ci fornisce i dati personali di altre persone (ad esempio, i familiari, i dati dei colleghi di lavoro), la preghiamo di assicurarsi che queste persone siano a conoscenza della presente informativa sulla privacy e di fornirci i loro dati personali corretti solo se \u00e8 autorizzato a farlo.<\/p>\n<p>La presente Informativa sulla privacy \u00e8 conforme alla Legge svizzera sulla protezione dei dati e alla revisione della Legge svizzera sulla protezione dei dati, nonch\u00e9 al Regolamento generale sulla protezione dei dati dell&#8217;UE.<\/p>\n<p>2. responsabile del trattamento dei dati<\/p>\n<p>Il responsabile del trattamento dei dati su questo sito web e il contatto per le questioni relative alla protezione dei dati \u00e8<\/p>\n<p>CCAA &#8211; Centro Di Cultura e D&#8217;Arte Ascona<br \/>\nc\/o Galleria Berno Sacchetti AG<br \/>\nVia Beato P. Berno 14<br \/>\nCH-6612 Ascona<\/p>\n<p>Persona di contatto: Pelin Karamustafaoglu<br \/>\nTelefono: +41 91 791 20 79<br \/>\nE-mail: info@ccaa.ch<\/p>\n<p>3 Raccolta ed elaborazione dei dati personali<\/p>\n<p>Trattiamo i dati personali che riceviamo dai nostri clienti e da altri partner commerciali nell&#8217;ambito del nostro rapporto commerciale con loro e con altre persone coinvolte o che raccogliamo dai loro utenti quando gestiamo i nostri siti web, le nostre app e altre applicazioni.<\/p>\n<p>4 Scopo del trattamento dei dati<\/p>\n<p>Utilizziamo i dati personali raccolti per concludere ed elaborare i contratti con i nostri clienti e partner commerciali e per ottimizzare il nostro sito web. Trattiamo inoltre i dati personali suoi e di altre persone, ove consentito, per garantire e sviluppare ulteriormente le nostre offerte, i nostri servizi e i siti web, le app e le altre piattaforme su cui siamo presenti, per scopi pubblicitari e di marketing e per ricerche di mercato e di opinione.<\/p>\n<p>Se ci ha dato il consenso al trattamento dei suoi dati personali per scopi specifici (ad esempio, quando si \u00e8 registrato per ricevere le newsletter), tratteremo i suoi dati personali nell&#8217;ambito e sulla base di tale consenso, a meno che non abbiamo un&#8217;altra base legale e ne richiediamo una. Il consenso prestato pu\u00f2 essere revocato in qualsiasi momento, ma ci\u00f2 non ha alcun effetto sull&#8217;elaborazione dei dati gi\u00e0 avvenuta.<\/p>\n<p>5 Tecnologie in relazione all&#8217;utilizzo del nostro sito web<\/p>\n<p>5.1 File di log<\/p>\n<p>Il nostro sito web \u00e8 ospitato da &#8220;Hoster-Firma&#8221;, &#8220;Adresse Hoster-Firma&#8221;.<\/p>\n<p>Al fine di ottimizzare e mantenere il nostro sito web, registriamo tutti gli errori tecnici che possono verificarsi quando si accede al nostro sito web. Inoltre, quando utilizza questo sito web, vengono raccolte automaticamente le informazioni che il browser del suo dispositivo finale trasmette al nostro host provider. Si tratta dell&#8217;indirizzo IP e del sistema operativo del suo dispositivo finale, del tipo di browser, della versione, della lingua; della data e dell&#8217;ora della richiesta al server; del file a cui si accede; del sito web da cui \u00e8 stato effettuato l&#8217;accesso (URL di riferimento); del codice di stato (ad esempio 404); del protocollo di trasmissione utilizzato (ad esempio HTTP\/2).<\/p>\n<p>Questi dati vengono raccolti e conservati dal nostro fornitore di hosting per ottimizzare i processi e le procedure, in particolare in relazione all&#8217;utilizzo del nostro sito web e alla sicurezza e stabilit\u00e0 del sistema informatico.<\/p>\n<p>Ulteriori informazioni sono disponibili nell&#8217;informativa sulla privacy della &#8220;societ\u00e0 di hosting&#8221; alla voce &#8220;Hoster_URL_Data_Protection&#8221;.<\/p>\n<p>5.2 Modulo di contatto<\/p>\n<p>Se utilizza il nostro modulo di contatto, i suoi dati dal modulo di richiesta saranno elaborati da noi per elaborare la richiesta e in caso di domande successive. Di norma, richiediamo le seguenti informazioni: Nome e cognome, azienda, indirizzo e-mail, indirizzo, numero di telefono, oggetto, contenuto del messaggio.<\/p>\n<p>Utilizziamo i dati da lei forniti per rispondere alla sua richiesta.<\/p>\n<p>5.3 Cookie<\/p>\n<p>Sul nostro sito web utilizziamo cookie e tecnologie simili. I cookie sono piccoli file che vengono memorizzati sul suo dispositivo finale e salvati dal suo browser. Alcuni dei cookie che utilizziamo vengono eliminati automaticamente quando lascia il nostro sito web (cookie di sessione). Altri cookie rimangono memorizzati sul suo dispositivo finale fino a quando non li cancella o fino alla loro scadenza (cookie permanenti). Questi cookie consentono di riconoscere il suo browser alla successiva visita del nostro sito web.<\/p>\n<p>Pu\u00f2 impostare il suo browser in modo da essere informato in anticipo sull&#8217;impostazione dei cookie e decidere in singoli casi se escludere l&#8217;accettazione dei cookie per determinati casi o in generale, oppure se impedirli completamente. Ci\u00f2 pu\u00f2 limitare alcune funzionalit\u00e0 del sito web. Vengono memorizzati i cookie necessari per il processo di comunicazione elettronica o per le funzioni da lei richieste o che ottimizzano la sua esperienza di utente.<\/p>\n<p>5.4 Newsletter via e-mail<\/p>\n<p>Offriamo una newsletter alla quale pu\u00f2 iscriversi. Quando si registra alla newsletter, raccogliamo almeno il suo indirizzo e-mail. Il nostro fornitore esterno di servizi di newsletter pu\u00f2 raccogliere altri dati; la invitiamo a consultare la loro politica sulla privacy (si veda la sezione 9 di seguito). Utilizziamo il suo indirizzo e-mail per inviarle la newsletter via e-mail.<\/p>\n<p>5.5 Analisi della newsletter<\/p>\n<p>Utilizziamo un servizio di analisi per misurare la portata della nostra newsletter. Misuriamo la frequenza con cui la newsletter viene aperta e quali link vengono seguiti dal destinatario. Se non lo desidera, deve impostare il suo browser o il suo programma di posta elettronica di conseguenza.<\/p>\n<p>5.6 Registrazione dell&#8217;account<\/p>\n<p>Se apre un account sul nostro sito web, le informazioni che inserisce verranno salvate. Raccogliamo le seguenti informazioni: Nome e cognome, azienda, indirizzo e-mail, indirizzo, numero di telefono. Utilizziamo i dati per fornirle l&#8217;account.<\/p>\n<p>6. servizi esterni<\/p>\n<p>Sul nostro sito web, utilizziamo vari servizi esterni di fornitori terzi, come Google Analytics o servizi analoghi, con i quali possiamo misurare e analizzare l&#8217;utilizzo del sito web (non personalizzato). A tale scopo vengono utilizzati anche cookie permanenti, impostati dal rispettivo fornitore di servizi. Se lei stesso si \u00e8 registrato presso il fornitore di servizi, quest&#8217;ultimo la riconoscer\u00e0. Il trattamento dei Suoi dati personali da parte del fornitore di servizi \u00e8 quindi responsabilit\u00e0 di quest&#8217;ultimo, in conformit\u00e0 alle sue disposizioni in materia di protezione dei dati. Il fornitore di servizi ci informa solo sull&#8217;utilizzo del nostro rispettivo sito web (nessuna informazione su di lei personalmente). Di seguito spieghiamo in dettaglio quali servizi sono coinvolti, per cosa li utilizziamo e quali dati vengono raccolti:<\/p>\n<p>&#8220;Nome del prodotto&#8221; da &#8220;Nome e indirizzo del fornitore&#8221;. &#8220;Nome del prodotto&#8221;: Descrizione del funzionamento del prodotto. L&#8217;informativa sulla privacy di questo fornitore di servizi si trova sotto &#8220;URL&#8221;.<\/p>\n<p>7. plug-in dei social media<\/p>\n<p>Sul nostro sito web utilizziamo i cosiddetti plug-in di social network come Facebook, Twitter, YouTube, ecc. Questo \u00e8 visibile all&#8217;utente in ogni caso (tipicamente tramite le icone corrispondenti). Abbiamo configurato questi elementi in modo che siano disattivati per impostazione predefinita. Se lei li attiva (cliccando su di essi), gli operatori dei rispettivi social network possono registrare che lei si trova sul nostro sito web e dove. Possono utilizzare queste informazioni per i loro scopi. Il trattamento dei suoi dati personali \u00e8 quindi responsabilit\u00e0 di questo operatore, in conformit\u00e0 alle sue disposizioni in materia di protezione dei dati. Noi non riceviamo alcuna informazione su di lei da questi operatori.<\/p>\n<p>8. link<\/p>\n<p>Il nostro sito web contiene link a siti web di terzi. Non siamo responsabili del contenuto e delle precauzioni in materia di protezione dei dati sui siti web esterni che pu\u00f2 raggiungere tramite i link. La preghiamo di informarsi sulla protezione dei dati direttamente sui rispettivi siti web.<\/p>\n<p>9 Divulgazione di dati a terzi<\/p>\n<p>Per fornirle le informazioni sul nostro sito web, collaboriamo con diversi fornitori di servizi, in particolare fornitori di servizi informatici, per offrirle un sito web moderno. Essi utilizzano i suoi dati solo per elaborare il suo ordine per noi.<\/p>\n<p>I dati saranno trasferiti a enti al di fuori della Svizzera e dell&#8217;Unione Europea (Paesi terzi) senza il suo consenso solo se ci\u00f2 \u00e8 richiesto dal rispettivo contratto, per adempiere a obblighi legali o per proteggere i nostri interessi legittimi.<\/p>\n<p>10. conservazione dei dati personali<\/p>\n<p>Trattiamo e conserviamo i suoi dati personali per tutto il tempo necessario all&#8217;adempimento dei nostri obblighi contrattuali e legali o comunque per le finalit\u00e0 perseguite con il trattamento e in conformit\u00e0 agli obblighi di conservazione e documentazione previsti dalla legge. Non appena i suoi dati personali non sono pi\u00f9 necessari per l&#8217;adempimento degli scopi sopra menzionati, saranno cancellati o resi anonimi, per quanto possibile.<\/p>\n<p>11 Sicurezza dei dati<\/p>\n<p>Adottiamo adeguate misure di sicurezza tecniche e organizzative per proteggere i suoi dati personali da accessi non autorizzati e abusi.<\/p>\n<p>12 Profilazione<\/p>\n<p>Trattiamo i suoi dati personali in parte in modo automatico con l&#8217;obiettivo di valutare alcuni aspetti personali (profilazione). Utilizziamo la profilazione in particolare per fornirle informazioni e consigli mirati sui prodotti. A tal fine, utilizziamo strumenti di analisi che ci consentono di fornire comunicazioni e pubblicit\u00e0 basate sulle esigenze, comprese le ricerche di mercato e di opinione.<\/p>\n<p>13 I suoi diritti<\/p>\n<p>Lei ha il diritto all&#8217;informazione, alla correzione, alla cancellazione, il diritto di limitare o di opporsi al nostro trattamento dei dati nell&#8217;ambito della legge sulla protezione dei dati a lei applicabile e nella misura ivi prevista, nonch\u00e9 il diritto alla divulgazione dei suoi dati per il trasferimento a un&#8217;altra organizzazione se esiste una base giuridica corrispondente. Nella misura prevista dalla legge sulla protezione dei dati a lei applicabile, pu\u00f2 richiedere gratuitamente informazioni sui dati memorizzati che la riguardano, sulla loro origine e sui destinatari, nonch\u00e9 sullo scopo del trattamento dei dati. In caso di costi, la informeremo in anticipo.<\/p>\n<p>L&#8217;esercizio di tali diritti richiede generalmente che lei fornisca una chiara prova della sua identit\u00e0 (ad esempio, una copia del suo documento d&#8217;identit\u00e0 se la sua identit\u00e0 non \u00e8 chiara o non pu\u00f2 essere verificata). Per far valere i suoi diritti, pu\u00f2 contattarci all&#8217;indirizzo indicato nella sezione 2 di cui sopra.<\/p>\n<p>Pu\u00f2 revocare il suo consenso al trattamento dei suoi dati in qualsiasi momento, con effetto per il futuro. Tutto ci\u00f2 che deve fare \u00e8 inviarci un&#8217;e-mail informale.<\/p>\n<p>Ha il diritto di far valere i suoi diritti in tribunale o di presentare un reclamo all&#8217;autorit\u00e0 competente per la protezione dei dati. L&#8217;Incaricato federale della protezione dei dati e delle informazioni \u00e8 responsabile per la Svizzera (http:\/\/www.edoeb.admin.ch).<\/p>\n<p>14 Aggiornamento e modifica della presente informativa sulla privacy<\/p>\n<p>Possiamo modificare o adattare questa politica sulla privacy in qualsiasi momento e senza preavviso. Si applicher\u00e0 la versione attuale pubblicata sul nostro sito web. Se l&#8217;informativa sulla privacy fa parte di un accordo con lei, in caso di aggiornamento la informeremo della modifica tramite e-mail o altri mezzi adeguati. L&#8217;attuale informativa sulla privacy \u00e8 accessibile all&#8217;indirizzo &#8220;Dominio&#8221;.<\/p>\n\n\t\t\n\t<\/div>\n\n<\/div>","protected":false},"excerpt":{"rendered":"","protected":false},"author":4,"featured_media":0,"parent":0,"menu_order":13,"comment_status":"closed","ping_status":"closed","template":"page-light.php","meta":{"_acf_changed":false,"inline_featured_image":false,"footnotes":""},"class_list":["post-3900","page","type-page","status-publish","hentry"],"acf":[],"yoast_head":"<!-- This site is optimized with the Yoast SEO plugin v27.3 - https:\/\/yoast.com\/product\/yoast-seo-wordpress\/ -->\n<title>Privacy Policy - CCAA - Centro di Cultura e d&#039;Arte Ascona<\/title>\n<meta name=\"robots\" content=\"index, follow, max-snippet:-1, max-image-preview:large, max-video-preview:-1\" \/>\n<link rel=\"canonical\" href=\"https:\/\/ccaa.ch\/it\/privacy-policy\/\" \/>\n<meta property=\"og:locale\" content=\"it_IT\" \/>\n<meta property=\"og:type\" content=\"article\" \/>\n<meta property=\"og:title\" content=\"Privacy Policy - CCAA - Centro di Cultura e d&#039;Arte Ascona\" \/>\n<meta property=\"og:url\" content=\"https:\/\/ccaa.ch\/it\/privacy-policy\/\" \/>\n<meta property=\"og:site_name\" content=\"CCAA - Centro di Cultura e d&#039;Arte Ascona\" \/>\n<meta property=\"article:modified_time\" content=\"2024-03-14T18:45:44+00:00\" \/>\n<meta name=\"twitter:card\" content=\"summary_large_image\" \/>\n<meta name=\"twitter:label1\" content=\"Tempo di lettura stimato\" \/>\n\t<meta name=\"twitter:data1\" content=\"8 minuti\" \/>\n<script type=\"application\/ld+json\" class=\"yoast-schema-graph\">{\"@context\":\"https:\\\/\\\/schema.org\",\"@graph\":[{\"@type\":\"WebPage\",\"@id\":\"https:\\\/\\\/ccaa.ch\\\/it\\\/privacy-policy\\\/\",\"url\":\"https:\\\/\\\/ccaa.ch\\\/it\\\/privacy-policy\\\/\",\"name\":\"Privacy Policy - CCAA - Centro di Cultura e d'Arte Ascona\",\"isPartOf\":{\"@id\":\"https:\\\/\\\/ccaa.ch\\\/#website\"},\"datePublished\":\"2023-08-14T15:39:15+00:00\",\"dateModified\":\"2024-03-14T18:45:44+00:00\",\"breadcrumb\":{\"@id\":\"https:\\\/\\\/ccaa.ch\\\/it\\\/privacy-policy\\\/#breadcrumb\"},\"inLanguage\":\"it-IT\",\"potentialAction\":[{\"@type\":\"ReadAction\",\"target\":[\"https:\\\/\\\/ccaa.ch\\\/it\\\/privacy-policy\\\/\"]}]},{\"@type\":\"BreadcrumbList\",\"@id\":\"https:\\\/\\\/ccaa.ch\\\/it\\\/privacy-policy\\\/#breadcrumb\",\"itemListElement\":[{\"@type\":\"ListItem\",\"position\":1,\"name\":\"Home\",\"item\":\"https:\\\/\\\/ccaa.ch\\\/it\\\/\"},{\"@type\":\"ListItem\",\"position\":2,\"name\":\"Privacy Policy\"}]},{\"@type\":\"WebSite\",\"@id\":\"https:\\\/\\\/ccaa.ch\\\/#website\",\"url\":\"https:\\\/\\\/ccaa.ch\\\/\",\"name\":\"CCAA - Centro di Cultura e d'Arte Ascona\",\"description\":\"\",\"publisher\":{\"@id\":\"https:\\\/\\\/ccaa.ch\\\/#organization\"},\"potentialAction\":[{\"@type\":\"SearchAction\",\"target\":{\"@type\":\"EntryPoint\",\"urlTemplate\":\"https:\\\/\\\/ccaa.ch\\\/?s={search_term_string}\"},\"query-input\":{\"@type\":\"PropertyValueSpecification\",\"valueRequired\":true,\"valueName\":\"search_term_string\"}}],\"inLanguage\":\"it-IT\"},{\"@type\":\"Organization\",\"@id\":\"https:\\\/\\\/ccaa.ch\\\/#organization\",\"name\":\"CCAA - Centro di Cultura e d'Arte Ascona\",\"url\":\"https:\\\/\\\/ccaa.ch\\\/\",\"logo\":{\"@type\":\"ImageObject\",\"inLanguage\":\"it-IT\",\"@id\":\"https:\\\/\\\/ccaa.ch\\\/#\\\/schema\\\/logo\\\/image\\\/\",\"url\":\"https:\\\/\\\/ccaa.ch\\\/wp-content\\\/uploads\\\/2023\\\/08\\\/CCAA_Logo_Kombi_black.svg\",\"contentUrl\":\"https:\\\/\\\/ccaa.ch\\\/wp-content\\\/uploads\\\/2023\\\/08\\\/CCAA_Logo_Kombi_black.svg\",\"caption\":\"CCAA - Centro di Cultura e d'Arte Ascona\"},\"image\":{\"@id\":\"https:\\\/\\\/ccaa.ch\\\/#\\\/schema\\\/logo\\\/image\\\/\"}}]}<\/script>\n<!-- \/ Yoast SEO plugin. -->","yoast_head_json":{"title":"Privacy Policy - CCAA - Centro di Cultura e d'Arte Ascona","robots":{"index":"index","follow":"follow","max-snippet":"max-snippet:-1","max-image-preview":"max-image-preview:large","max-video-preview":"max-video-preview:-1"},"canonical":"https:\/\/ccaa.ch\/it\/privacy-policy\/","og_locale":"it_IT","og_type":"article","og_title":"Privacy Policy - CCAA - Centro di Cultura e d'Arte Ascona","og_url":"https:\/\/ccaa.ch\/it\/privacy-policy\/","og_site_name":"CCAA - Centro di Cultura e d'Arte Ascona","article_modified_time":"2024-03-14T18:45:44+00:00","twitter_card":"summary_large_image","twitter_misc":{"Tempo di lettura stimato":"8 minuti"},"schema":{"@context":"https:\/\/schema.org","@graph":[{"@type":"WebPage","@id":"https:\/\/ccaa.ch\/it\/privacy-policy\/","url":"https:\/\/ccaa.ch\/it\/privacy-policy\/","name":"Privacy Policy - CCAA - Centro di Cultura e d'Arte Ascona","isPartOf":{"@id":"https:\/\/ccaa.ch\/#website"},"datePublished":"2023-08-14T15:39:15+00:00","dateModified":"2024-03-14T18:45:44+00:00","breadcrumb":{"@id":"https:\/\/ccaa.ch\/it\/privacy-policy\/#breadcrumb"},"inLanguage":"it-IT","potentialAction":[{"@type":"ReadAction","target":["https:\/\/ccaa.ch\/it\/privacy-policy\/"]}]},{"@type":"BreadcrumbList","@id":"https:\/\/ccaa.ch\/it\/privacy-policy\/#breadcrumb","itemListElement":[{"@type":"ListItem","position":1,"name":"Home","item":"https:\/\/ccaa.ch\/it\/"},{"@type":"ListItem","position":2,"name":"Privacy Policy"}]},{"@type":"WebSite","@id":"https:\/\/ccaa.ch\/#website","url":"https:\/\/ccaa.ch\/","name":"CCAA - Centro di Cultura e d'Arte Ascona","description":"","publisher":{"@id":"https:\/\/ccaa.ch\/#organization"},"potentialAction":[{"@type":"SearchAction","target":{"@type":"EntryPoint","urlTemplate":"https:\/\/ccaa.ch\/?s={search_term_string}"},"query-input":{"@type":"PropertyValueSpecification","valueRequired":true,"valueName":"search_term_string"}}],"inLanguage":"it-IT"},{"@type":"Organization","@id":"https:\/\/ccaa.ch\/#organization","name":"CCAA - Centro di Cultura e d'Arte Ascona","url":"https:\/\/ccaa.ch\/","logo":{"@type":"ImageObject","inLanguage":"it-IT","@id":"https:\/\/ccaa.ch\/#\/schema\/logo\/image\/","url":"https:\/\/ccaa.ch\/wp-content\/uploads\/2023\/08\/CCAA_Logo_Kombi_black.svg","contentUrl":"https:\/\/ccaa.ch\/wp-content\/uploads\/2023\/08\/CCAA_Logo_Kombi_black.svg","caption":"CCAA - Centro di Cultura e d'Arte Ascona"},"image":{"@id":"https:\/\/ccaa.ch\/#\/schema\/logo\/image\/"}}]}},"_links":{"self":[{"href":"https:\/\/ccaa.ch\/it\/wp-json\/wp\/v2\/pages\/3900","targetHints":{"allow":["GET"]}}],"collection":[{"href":"https:\/\/ccaa.ch\/it\/wp-json\/wp\/v2\/pages"}],"about":[{"href":"https:\/\/ccaa.ch\/it\/wp-json\/wp\/v2\/types\/page"}],"author":[{"embeddable":true,"href":"https:\/\/ccaa.ch\/it\/wp-json\/wp\/v2\/users\/4"}],"replies":[{"embeddable":true,"href":"https:\/\/ccaa.ch\/it\/wp-json\/wp\/v2\/comments?post=3900"}],"version-history":[{"count":0,"href":"https:\/\/ccaa.ch\/it\/wp-json\/wp\/v2\/pages\/3900\/revisions"}],"wp:attachment":[{"href":"https:\/\/ccaa.ch\/it\/wp-json\/wp\/v2\/media?parent=3900"}],"curies":[{"name":"wp","href":"https:\/\/api.w.org\/{rel}","templated":true}]}}